{"id":459,"date":"2017-05-12T10:36:43","date_gmt":"2017-05-12T08:36:43","guid":{"rendered":"http:\/\/huette-legal.com\/kontakt\/"},"modified":"2019-10-14T14:27:40","modified_gmt":"2019-10-14T12:27:40","slug":"kontakt","status":"publish","type":"page","link":"https:\/\/huette-legal.com\/zh-hans\/kontakt\/","title":{"rendered":"\u8054\u7cfb\u65b9\u6cd5"},"content":{"rendered":"<p>Wir beraten Sie gerne \u2013 in sechs verschiedenen Sprachen:<br \/>\nDeutsch, Englisch, Franz\u00f6sisch, Italienisch, Chinesisch, Japanisch<\/p>\n","protected":false},"excerpt":{"rendered":"<p>Wir beraten Sie gerne \u2013 in sechs verschiedenen Sprachen [&hellip;]<\/p>\n","protected":false},"author":2,"featured_media":60,"parent":0,"menu_order":0,"comment_status":"closed","ping_status":"closed","template":"layouts\/contact.php","meta":[],"acf":[],"yoast_head":"<!-- This site is optimized with the Yoast SEO plugin v17.6 - https:\/\/yoast.com\/wordpress\/plugins\/seo\/ -->\n<title>Kontaktieren Sie uns \u2013 von \u00fcberall | H\u00dcTTE Rechtsanw\u00e4lte<\/title>\n<meta name=\"description\" content=\"\u8054\u7cfb\u65b9\u6cd5\uff1a \u6cd5\u5170\u514b\u798f\u5f8b\u5e08\u4e8b\u52a1\u6240 \u5f8b\u5e08\u548c\u516c\u8bc1 \u970d\u5fb7\u5f8b\u5e08\u4e8b\u52a1\u6240\u7684\u529e\u516c\u5730\u70b9\uff1a\u6cd5\u5170\u514b\u798f\uff0c\u675c\u585e\u5c14\u591a\u592b\uff0c\u5df4\u9ece\uff0c\u4e1c\u4eac\" \/>\n<meta name=\"robots\" content=\"index, follow, max-snippet:-1, max-image-preview:large, max-video-preview:-1\" \/>\n<link rel=\"canonical\" href=\"https:\/\/huette-legal.com\/zh-hans\/kontakt\/\" \/>\n<meta property=\"og:locale\" content=\"zh_CN\" \/>\n<meta property=\"og:type\" content=\"article\" \/>\n<meta property=\"og:title\" content=\"Kontaktieren Sie uns \u2013 von \u00fcberall | H\u00dcTTE Rechtsanw\u00e4lte\" \/>\n<meta property=\"og:description\" content=\"\u8054\u7cfb\u65b9\u6cd5\uff1a \u6cd5\u5170\u514b\u798f\u5f8b\u5e08\u4e8b\u52a1\u6240 \u5f8b\u5e08\u548c\u516c\u8bc1 \u970d\u5fb7\u5f8b\u5e08\u4e8b\u52a1\u6240\u7684\u529e\u516c\u5730\u70b9\uff1a\u6cd5\u5170\u514b\u798f\uff0c\u675c\u585e\u5c14\u591a\u592b\uff0c\u5df4\u9ece\uff0c\u4e1c\u4eac\" \/>\n<meta property=\"og:url\" content=\"https:\/\/huette-legal.com\/zh-hans\/kontakt\/\" \/>\n<meta property=\"og:site_name\" content=\"H\u00fctte Rechtsanw\u00e4lte\" \/>\n<meta property=\"article:modified_time\" content=\"2019-10-14T12:27:40+00:00\" \/>\n<meta property=\"og:image\" content=\"https:\/\/huette-legal.com\/wp-content\/uploads\/2017\/05\/contact.jpg\" \/>\n\t<meta property=\"og:image:width\" content=\"960\" \/>\n\t<meta property=\"og:image:height\" content=\"740\" \/>\n<meta name=\"twitter:card\" content=\"summary\" \/>\n<script type=\"application\/ld+json\" class=\"yoast-schema-graph\">{\"@context\":\"https:\/\/schema.org\",\"@graph\":[{\"@type\":\"WebSite\",\"@id\":\"https:\/\/huette-legal.com\/#website\",\"url\":\"https:\/\/huette-legal.com\/\",\"name\":\"H\\u00fctte Rechtsanw\\u00e4lte\",\"description\":\"Partnerschaft mbB\",\"potentialAction\":[{\"@type\":\"SearchAction\",\"target\":{\"@type\":\"EntryPoint\",\"urlTemplate\":\"https:\/\/huette-legal.com\/?s={search_term_string}\"},\"query-input\":\"required name=search_term_string\"}],\"inLanguage\":\"zh-CN\"},{\"@type\":\"ImageObject\",\"@id\":\"https:\/\/huette-legal.com\/zh-hans\/kontakt\/#primaryimage\",\"inLanguage\":\"zh-CN\",\"url\":\"https:\/\/huette-legal.com\/wp-content\/uploads\/2017\/05\/contact.jpg\",\"contentUrl\":\"https:\/\/huette-legal.com\/wp-content\/uploads\/2017\/05\/contact.jpg\",\"width\":960,\"height\":740,\"caption\":\"D\\u00fcsseldorf |\\u00a0H\\u00dcTTE Rechtsanw\\u00e4lte\"},{\"@type\":\"WebPage\",\"@id\":\"https:\/\/huette-legal.com\/zh-hans\/kontakt\/#webpage\",\"url\":\"https:\/\/huette-legal.com\/zh-hans\/kontakt\/\",\"name\":\"Kontaktieren Sie uns \\u2013 von \\u00fcberall | H\\u00dcTTE Rechtsanw\\u00e4lte\",\"isPartOf\":{\"@id\":\"https:\/\/huette-legal.com\/#website\"},\"primaryImageOfPage\":{\"@id\":\"https:\/\/huette-legal.com\/zh-hans\/kontakt\/#primaryimage\"},\"datePublished\":\"2017-05-12T08:36:43+00:00\",\"dateModified\":\"2019-10-14T12:27:40+00:00\",\"description\":\"\\u8054\\u7cfb\\u65b9\\u6cd5\\uff1a \\u6cd5\\u5170\\u514b\\u798f\\u5f8b\\u5e08\\u4e8b\\u52a1\\u6240 \\u5f8b\\u5e08\\u548c\\u516c\\u8bc1 \\u970d\\u5fb7\\u5f8b\\u5e08\\u4e8b\\u52a1\\u6240\\u7684\\u529e\\u516c\\u5730\\u70b9\\uff1a\\u6cd5\\u5170\\u514b\\u798f\\uff0c\\u675c\\u585e\\u5c14\\u591a\\u592b\\uff0c\\u5df4\\u9ece\\uff0c\\u4e1c\\u4eac\",\"breadcrumb\":{\"@id\":\"https:\/\/huette-legal.com\/zh-hans\/kontakt\/#breadcrumb\"},\"inLanguage\":\"zh-CN\",\"potentialAction\":[{\"@type\":\"ReadAction\",\"target\":[\"https:\/\/huette-legal.com\/zh-hans\/kontakt\/\"]}]},{\"@type\":\"BreadcrumbList\",\"@id\":\"https:\/\/huette-legal.com\/zh-hans\/kontakt\/#breadcrumb\",\"itemListElement\":[{\"@type\":\"ListItem\",\"position\":1,\"name\":\"Startseite\",\"item\":\"https:\/\/huette-legal.com\/zh-hans\/\"},{\"@type\":\"ListItem\",\"position\":2,\"name\":\"\\u8054\\u7cfb\\u65b9\\u6cd5\"}]}]}<\/script>\n<!-- \/ Yoast SEO plugin. -->","yoast_head_json":{"title":"Kontaktieren Sie uns \u2013 von \u00fcberall | H\u00dcTTE Rechtsanw\u00e4lte","description":"\u8054\u7cfb\u65b9\u6cd5\uff1a \u6cd5\u5170\u514b\u798f\u5f8b\u5e08\u4e8b\u52a1\u6240 \u5f8b\u5e08\u548c\u516c\u8bc1 \u970d\u5fb7\u5f8b\u5e08\u4e8b\u52a1\u6240\u7684\u529e\u516c\u5730\u70b9\uff1a\u6cd5\u5170\u514b\u798f\uff0c\u675c\u585e\u5c14\u591a\u592b\uff0c\u5df4\u9ece\uff0c\u4e1c\u4eac","robots":{"index":"index","follow":"follow","max-snippet":"max-snippet:-1","max-image-preview":"max-image-preview:large","max-video-preview":"max-video-preview:-1"},"canonical":"https:\/\/huette-legal.com\/zh-hans\/kontakt\/","og_locale":"zh_CN","og_type":"article","og_title":"Kontaktieren Sie uns \u2013 von \u00fcberall | H\u00dcTTE Rechtsanw\u00e4lte","og_description":"\u8054\u7cfb\u65b9\u6cd5\uff1a \u6cd5\u5170\u514b\u798f\u5f8b\u5e08\u4e8b\u52a1\u6240 \u5f8b\u5e08\u548c\u516c\u8bc1 \u970d\u5fb7\u5f8b\u5e08\u4e8b\u52a1\u6240\u7684\u529e\u516c\u5730\u70b9\uff1a\u6cd5\u5170\u514b\u798f\uff0c\u675c\u585e\u5c14\u591a\u592b\uff0c\u5df4\u9ece\uff0c\u4e1c\u4eac","og_url":"https:\/\/huette-legal.com\/zh-hans\/kontakt\/","og_site_name":"H\u00fctte Rechtsanw\u00e4lte","article_modified_time":"2019-10-14T12:27:40+00:00","og_image":[{"width":960,"height":740,"url":"https:\/\/huette-legal.com\/wp-content\/uploads\/2017\/05\/contact.jpg","type":"image\/jpeg"}],"twitter_card":"summary","schema":{"@context":"https:\/\/schema.org","@graph":[{"@type":"WebSite","@id":"https:\/\/huette-legal.com\/#website","url":"https:\/\/huette-legal.com\/","name":"H\u00fctte Rechtsanw\u00e4lte","description":"Partnerschaft mbB","potentialAction":[{"@type":"SearchAction","target":{"@type":"EntryPoint","urlTemplate":"https:\/\/huette-legal.com\/?s={search_term_string}"},"query-input":"required name=search_term_string"}],"inLanguage":"zh-CN"},{"@type":"ImageObject","@id":"https:\/\/huette-legal.com\/zh-hans\/kontakt\/#primaryimage","inLanguage":"zh-CN","url":"https:\/\/huette-legal.com\/wp-content\/uploads\/2017\/05\/contact.jpg","contentUrl":"https:\/\/huette-legal.com\/wp-content\/uploads\/2017\/05\/contact.jpg","width":960,"height":740,"caption":"D\u00fcsseldorf |\u00a0H\u00dcTTE Rechtsanw\u00e4lte"},{"@type":"WebPage","@id":"https:\/\/huette-legal.com\/zh-hans\/kontakt\/#webpage","url":"https:\/\/huette-legal.com\/zh-hans\/kontakt\/","name":"Kontaktieren Sie uns \u2013 von \u00fcberall | H\u00dcTTE Rechtsanw\u00e4lte","isPartOf":{"@id":"https:\/\/huette-legal.com\/#website"},"primaryImageOfPage":{"@id":"https:\/\/huette-legal.com\/zh-hans\/kontakt\/#primaryimage"},"datePublished":"2017-05-12T08:36:43+00:00","dateModified":"2019-10-14T12:27:40+00:00","description":"\u8054\u7cfb\u65b9\u6cd5\uff1a \u6cd5\u5170\u514b\u798f\u5f8b\u5e08\u4e8b\u52a1\u6240 \u5f8b\u5e08\u548c\u516c\u8bc1 \u970d\u5fb7\u5f8b\u5e08\u4e8b\u52a1\u6240\u7684\u529e\u516c\u5730\u70b9\uff1a\u6cd5\u5170\u514b\u798f\uff0c\u675c\u585e\u5c14\u591a\u592b\uff0c\u5df4\u9ece\uff0c\u4e1c\u4eac","breadcrumb":{"@id":"https:\/\/huette-legal.com\/zh-hans\/kontakt\/#breadcrumb"},"inLanguage":"zh-CN","potentialAction":[{"@type":"ReadAction","target":["https:\/\/huette-legal.com\/zh-hans\/kontakt\/"]}]},{"@type":"BreadcrumbList","@id":"https:\/\/huette-legal.com\/zh-hans\/kontakt\/#breadcrumb","itemListElement":[{"@type":"ListItem","position":1,"name":"Startseite","item":"https:\/\/huette-legal.com\/zh-hans\/"},{"@type":"ListItem","position":2,"name":"\u8054\u7cfb\u65b9\u6cd5"}]}]}},"_links":{"self":[{"href":"https:\/\/huette-legal.com\/zh-hans\/wp-json\/wp\/v2\/pages\/459"}],"collection":[{"href":"https:\/\/huette-legal.com\/zh-hans\/wp-json\/wp\/v2\/pages"}],"about":[{"href":"https:\/\/huette-legal.com\/zh-hans\/wp-json\/wp\/v2\/types\/page"}],"author":[{"embeddable":true,"href":"https:\/\/huette-legal.com\/zh-hans\/wp-json\/wp\/v2\/users\/2"}],"replies":[{"embeddable":true,"href":"https:\/\/huette-legal.com\/zh-hans\/wp-json\/wp\/v2\/comments?post=459"}],"version-history":[{"count":8,"href":"https:\/\/huette-legal.com\/zh-hans\/wp-json\/wp\/v2\/pages\/459\/revisions"}],"predecessor-version":[{"id":665,"href":"https:\/\/huette-legal.com\/zh-hans\/wp-json\/wp\/v2\/pages\/459\/revisions\/665"}],"wp:featuredmedia":[{"embeddable":true,"href":"https:\/\/huette-legal.com\/zh-hans\/wp-json\/wp\/v2\/media\/60"}],"wp:attachment":[{"href":"https:\/\/huette-legal.com\/zh-hans\/wp-json\/wp\/v2\/media?parent=459"}],"curies":[{"name":"wp","href":"https:\/\/api.w.org\/{rel}","templated":true}]}}