{"id":455,"date":"2017-05-12T10:34:56","date_gmt":"2017-05-12T08:34:56","guid":{"rendered":"http:\/\/huette-legal.com\/home\/"},"modified":"2018-05-25T16:07:18","modified_gmt":"2018-05-25T14:07:18","slug":"home","status":"publish","type":"page","link":"https:\/\/huette-legal.com\/zh-hans\/","title":{"rendered":"\u5bb6"},"content":{"rendered":"<h1>\u5f53\u60a8\u9700\u8981\u6cd5\u5f8b\u54a8\u8be2, \u6211\u4eec\u5c31\u5728\u60a8\u8eab\u8fb9\u3002<\/h1>\n<h2>\u7ecf\u6d4e\u548c\u5546\u4e1a\u6cd5\u3002<br \/>\n\u52b3\u52a8\u548c\u516c\u53f8\u6cd5\u3002<br \/>\n\u56fd\u9645\u6cd5<\/h2>\n<p>&nbsp;<\/p>\n","protected":false},"excerpt":{"rendered":"<p>\u5f53\u60a8\u9700\u8981\u6cd5\u5f8b\u54a8\u8be2, \u6211\u4eec\u5c31\u5728\u60a8\u8eab\u8fb9\u3002 \u7ecf\u6d4e\u548c\u5546\u4e1a\u6cd5\u3002 \u52b3\u52a8\u548c\u516c\u53f8\u6cd5\u3002 \u56fd\u9645\u6cd5 &nbsp;<\/p>\n","protected":false},"author":2,"featured_media":59,"parent":0,"menu_order":0,"comment_status":"closed","ping_status":"closed","template":"front-page.php","meta":[],"acf":[],"yoast_head":"<!-- This site is optimized with the Yoast SEO plugin v17.6 - https:\/\/yoast.com\/wordpress\/plugins\/seo\/ -->\n<title>Die Kanzlei H\u00fctte-Bohnstedt hei\u00dft jetzt H\u00dcTTE-Rechtsanw\u00e4lte<\/title>\n<meta name=\"description\" content=\"\u60a8\u5728\u6cd5\u5170\u514b\u798f\u7684\u5f8b\u5e08\u548c\u516c\u8bc1\u5458 \u970d\u5fb7\u5f8b\u5e08\u6240\u662f\u4e13\u4e1a\u4ece\u4e8b\u7ecf\u6d4e\u548c\u516c\u53f8\u6cd5\u6cd5\u5f8b\u95ee\u9898\u7684\u5f8b\u5e08\u4e8b\u52a1 \u529e\u516c\u5730\u70b9:\u6cd5\u5170\u514b\u798f\uff0c\u675c\u585e\u5c14\u591a\u592b\uff0c\u5df4\u9ece\uff0c\u4e1c\u4eac\u3002\" \/>\n<meta name=\"robots\" content=\"index, follow, max-snippet:-1, max-image-preview:large, max-video-preview:-1\" \/>\n<link rel=\"canonical\" href=\"https:\/\/huette-legal.com\/zh-hans\/\" \/>\n<meta property=\"og:locale\" content=\"zh_CN\" \/>\n<meta property=\"og:type\" content=\"article\" \/>\n<meta property=\"og:title\" content=\"Die Kanzlei H\u00fctte-Bohnstedt hei\u00dft jetzt H\u00dcTTE-Rechtsanw\u00e4lte\" \/>\n<meta property=\"og:description\" content=\"\u60a8\u5728\u6cd5\u5170\u514b\u798f\u7684\u5f8b\u5e08\u548c\u516c\u8bc1\u5458 \u970d\u5fb7\u5f8b\u5e08\u6240\u662f\u4e13\u4e1a\u4ece\u4e8b\u7ecf\u6d4e\u548c\u516c\u53f8\u6cd5\u6cd5\u5f8b\u95ee\u9898\u7684\u5f8b\u5e08\u4e8b\u52a1 \u529e\u516c\u5730\u70b9:\u6cd5\u5170\u514b\u798f\uff0c\u675c\u585e\u5c14\u591a\u592b\uff0c\u5df4\u9ece\uff0c\u4e1c\u4eac\u3002\" \/>\n<meta property=\"og:url\" content=\"https:\/\/huette-legal.com\/zh-hans\/\" \/>\n<meta property=\"og:site_name\" content=\"H\u00fctte Rechtsanw\u00e4lte\" \/>\n<meta property=\"article:modified_time\" content=\"2018-05-25T14:07:18+00:00\" \/>\n<meta property=\"og:image\" content=\"https:\/\/huette-legal.com\/wp-content\/uploads\/2017\/05\/home.jpg\" \/>\n\t<meta property=\"og:image:width\" content=\"3600\" \/>\n\t<meta property=\"og:image:height\" content=\"2403\" \/>\n<meta name=\"twitter:card\" content=\"summary\" \/>\n<script type=\"application\/ld+json\" class=\"yoast-schema-graph\">{\"@context\":\"https:\/\/schema.org\",\"@graph\":[{\"@type\":\"WebSite\",\"@id\":\"https:\/\/huette-legal.com\/#website\",\"url\":\"https:\/\/huette-legal.com\/\",\"name\":\"H\\u00fctte Rechtsanw\\u00e4lte\",\"description\":\"Partnerschaft mbB\",\"potentialAction\":[{\"@type\":\"SearchAction\",\"target\":{\"@type\":\"EntryPoint\",\"urlTemplate\":\"https:\/\/huette-legal.com\/?s={search_term_string}\"},\"query-input\":\"required name=search_term_string\"}],\"inLanguage\":\"zh-CN\"},{\"@type\":\"ImageObject\",\"@id\":\"https:\/\/huette-legal.com\/zh-hans\/#primaryimage\",\"inLanguage\":\"zh-CN\",\"url\":\"https:\/\/huette-legal.com\/wp-content\/uploads\/2017\/05\/home.jpg\",\"contentUrl\":\"https:\/\/huette-legal.com\/wp-content\/uploads\/2017\/05\/home.jpg\",\"width\":3600,\"height\":2403,\"caption\":\"Tokio\"},{\"@type\":\"WebPage\",\"@id\":\"https:\/\/huette-legal.com\/zh-hans\/#webpage\",\"url\":\"https:\/\/huette-legal.com\/zh-hans\/\",\"name\":\"Die Kanzlei H\\u00fctte-Bohnstedt hei\\u00dft jetzt H\\u00dcTTE-Rechtsanw\\u00e4lte\",\"isPartOf\":{\"@id\":\"https:\/\/huette-legal.com\/#website\"},\"primaryImageOfPage\":{\"@id\":\"https:\/\/huette-legal.com\/zh-hans\/#primaryimage\"},\"datePublished\":\"2017-05-12T08:34:56+00:00\",\"dateModified\":\"2018-05-25T14:07:18+00:00\",\"description\":\"\\u60a8\\u5728\\u6cd5\\u5170\\u514b\\u798f\\u7684\\u5f8b\\u5e08\\u548c\\u516c\\u8bc1\\u5458 \\u970d\\u5fb7\\u5f8b\\u5e08\\u6240\\u662f\\u4e13\\u4e1a\\u4ece\\u4e8b\\u7ecf\\u6d4e\\u548c\\u516c\\u53f8\\u6cd5\\u6cd5\\u5f8b\\u95ee\\u9898\\u7684\\u5f8b\\u5e08\\u4e8b\\u52a1 \\u529e\\u516c\\u5730\\u70b9:\\u6cd5\\u5170\\u514b\\u798f\\uff0c\\u675c\\u585e\\u5c14\\u591a\\u592b\\uff0c\\u5df4\\u9ece\\uff0c\\u4e1c\\u4eac\\u3002\",\"breadcrumb\":{\"@id\":\"https:\/\/huette-legal.com\/zh-hans\/#breadcrumb\"},\"inLanguage\":\"zh-CN\",\"potentialAction\":[{\"@type\":\"ReadAction\",\"target\":[\"https:\/\/huette-legal.com\/zh-hans\/\"]}]},{\"@type\":\"BreadcrumbList\",\"@id\":\"https:\/\/huette-legal.com\/zh-hans\/#breadcrumb\",\"itemListElement\":[{\"@type\":\"ListItem\",\"position\":1,\"name\":\"Startseite\",\"item\":\"https:\/\/huette-legal.com\/zh-hans\/\"},{\"@type\":\"ListItem\",\"position\":2,\"name\":\"\\u5bb6\"}]}]}<\/script>\n<!-- \/ Yoast SEO plugin. -->","yoast_head_json":{"title":"Die Kanzlei H\u00fctte-Bohnstedt hei\u00dft jetzt H\u00dcTTE-Rechtsanw\u00e4lte","description":"\u60a8\u5728\u6cd5\u5170\u514b\u798f\u7684\u5f8b\u5e08\u548c\u516c\u8bc1\u5458 \u970d\u5fb7\u5f8b\u5e08\u6240\u662f\u4e13\u4e1a\u4ece\u4e8b\u7ecf\u6d4e\u548c\u516c\u53f8\u6cd5\u6cd5\u5f8b\u95ee\u9898\u7684\u5f8b\u5e08\u4e8b\u52a1 \u529e\u516c\u5730\u70b9:\u6cd5\u5170\u514b\u798f\uff0c\u675c\u585e\u5c14\u591a\u592b\uff0c\u5df4\u9ece\uff0c\u4e1c\u4eac\u3002","robots":{"index":"index","follow":"follow","max-snippet":"max-snippet:-1","max-image-preview":"max-image-preview:large","max-video-preview":"max-video-preview:-1"},"canonical":"https:\/\/huette-legal.com\/zh-hans\/","og_locale":"zh_CN","og_type":"article","og_title":"Die Kanzlei H\u00fctte-Bohnstedt hei\u00dft jetzt H\u00dcTTE-Rechtsanw\u00e4lte","og_description":"\u60a8\u5728\u6cd5\u5170\u514b\u798f\u7684\u5f8b\u5e08\u548c\u516c\u8bc1\u5458 \u970d\u5fb7\u5f8b\u5e08\u6240\u662f\u4e13\u4e1a\u4ece\u4e8b\u7ecf\u6d4e\u548c\u516c\u53f8\u6cd5\u6cd5\u5f8b\u95ee\u9898\u7684\u5f8b\u5e08\u4e8b\u52a1 \u529e\u516c\u5730\u70b9:\u6cd5\u5170\u514b\u798f\uff0c\u675c\u585e\u5c14\u591a\u592b\uff0c\u5df4\u9ece\uff0c\u4e1c\u4eac\u3002","og_url":"https:\/\/huette-legal.com\/zh-hans\/","og_site_name":"H\u00fctte Rechtsanw\u00e4lte","article_modified_time":"2018-05-25T14:07:18+00:00","og_image":[{"width":3600,"height":2403,"url":"https:\/\/huette-legal.com\/wp-content\/uploads\/2017\/05\/home.jpg","type":"image\/jpeg"}],"twitter_card":"summary","schema":{"@context":"https:\/\/schema.org","@graph":[{"@type":"WebSite","@id":"https:\/\/huette-legal.com\/#website","url":"https:\/\/huette-legal.com\/","name":"H\u00fctte Rechtsanw\u00e4lte","description":"Partnerschaft mbB","potentialAction":[{"@type":"SearchAction","target":{"@type":"EntryPoint","urlTemplate":"https:\/\/huette-legal.com\/?s={search_term_string}"},"query-input":"required name=search_term_string"}],"inLanguage":"zh-CN"},{"@type":"ImageObject","@id":"https:\/\/huette-legal.com\/zh-hans\/#primaryimage","inLanguage":"zh-CN","url":"https:\/\/huette-legal.com\/wp-content\/uploads\/2017\/05\/home.jpg","contentUrl":"https:\/\/huette-legal.com\/wp-content\/uploads\/2017\/05\/home.jpg","width":3600,"height":2403,"caption":"Tokio"},{"@type":"WebPage","@id":"https:\/\/huette-legal.com\/zh-hans\/#webpage","url":"https:\/\/huette-legal.com\/zh-hans\/","name":"Die Kanzlei H\u00fctte-Bohnstedt hei\u00dft jetzt H\u00dcTTE-Rechtsanw\u00e4lte","isPartOf":{"@id":"https:\/\/huette-legal.com\/#website"},"primaryImageOfPage":{"@id":"https:\/\/huette-legal.com\/zh-hans\/#primaryimage"},"datePublished":"2017-05-12T08:34:56+00:00","dateModified":"2018-05-25T14:07:18+00:00","description":"\u60a8\u5728\u6cd5\u5170\u514b\u798f\u7684\u5f8b\u5e08\u548c\u516c\u8bc1\u5458 \u970d\u5fb7\u5f8b\u5e08\u6240\u662f\u4e13\u4e1a\u4ece\u4e8b\u7ecf\u6d4e\u548c\u516c\u53f8\u6cd5\u6cd5\u5f8b\u95ee\u9898\u7684\u5f8b\u5e08\u4e8b\u52a1 \u529e\u516c\u5730\u70b9:\u6cd5\u5170\u514b\u798f\uff0c\u675c\u585e\u5c14\u591a\u592b\uff0c\u5df4\u9ece\uff0c\u4e1c\u4eac\u3002","breadcrumb":{"@id":"https:\/\/huette-legal.com\/zh-hans\/#breadcrumb"},"inLanguage":"zh-CN","potentialAction":[{"@type":"ReadAction","target":["https:\/\/huette-legal.com\/zh-hans\/"]}]},{"@type":"BreadcrumbList","@id":"https:\/\/huette-legal.com\/zh-hans\/#breadcrumb","itemListElement":[{"@type":"ListItem","position":1,"name":"Startseite","item":"https:\/\/huette-legal.com\/zh-hans\/"},{"@type":"ListItem","position":2,"name":"\u5bb6"}]}]}},"_links":{"self":[{"href":"https:\/\/huette-legal.com\/zh-hans\/wp-json\/wp\/v2\/pages\/455"}],"collection":[{"href":"https:\/\/huette-legal.com\/zh-hans\/wp-json\/wp\/v2\/pages"}],"about":[{"href":"https:\/\/huette-legal.com\/zh-hans\/wp-json\/wp\/v2\/types\/page"}],"author":[{"embeddable":true,"href":"https:\/\/huette-legal.com\/zh-hans\/wp-json\/wp\/v2\/users\/2"}],"replies":[{"embeddable":true,"href":"https:\/\/huette-legal.com\/zh-hans\/wp-json\/wp\/v2\/comments?post=455"}],"version-history":[{"count":5,"href":"https:\/\/huette-legal.com\/zh-hans\/wp-json\/wp\/v2\/pages\/455\/revisions"}],"predecessor-version":[{"id":613,"href":"https:\/\/huette-legal.com\/zh-hans\/wp-json\/wp\/v2\/pages\/455\/revisions\/613"}],"wp:featuredmedia":[{"embeddable":true,"href":"https:\/\/huette-legal.com\/zh-hans\/wp-json\/wp\/v2\/media\/59"}],"wp:attachment":[{"href":"https:\/\/huette-legal.com\/zh-hans\/wp-json\/wp\/v2\/media?parent=455"}],"curies":[{"name":"wp","href":"https:\/\/api.w.org\/{rel}","templated":true}]}}