{"id":272,"date":"2017-05-12T10:36:57","date_gmt":"2017-05-12T08:36:57","guid":{"rendered":"http:\/\/huette-legal.com\/impressum\/"},"modified":"2019-09-20T13:08:43","modified_gmt":"2019-09-20T11:08:43","slug":"impressum","status":"publish","type":"page","link":"https:\/\/huette-legal.com\/ko\/impressum\/","title":{"rendered":"Impressum"},"content":{"rendered":"<p><strong>Angaben gem\u00e4\u00df \u00a7 5 TMG:<\/strong><br \/>\nH\u00dcTTE Rechtsanw\u00e4lte<br \/>\nPartnerschaft mbB<\/p>\n<p>Sitz der Gesellschaft:<br \/>\nBethmannstra\u00dfe 8<br \/>\n60311 Frankfurt am Main<br \/>\nTel. <a href=\"tel: +496926916980\">+49 (0) 69 &#8211; 24 75 612 0<\/a><br \/>\nFax. +49 (0) 69 &#8211; 247 561 219<br \/>\nE-Mail.\u00a0Info(at)huette-legal.com<\/p>\n<p>USt ID: DE 216958550<br \/>\nPartnerschaftsregister Nr. 1575 beim AG Frankfurt\/Main<\/p>\n<p>&nbsp;<\/p>\n<p><strong>Vertreten durch:<\/strong><br \/>\nHjalmar B. H\u00fctte<br \/>\nDr. Arne H\u00fctte, LL.M.<\/p>\n<p>(Rechtsanwaltszulassung nach deutschem Recht)<\/p>\n<p>Zulassung und Aufsichtsbeh\u00f6rde:<br \/>\nRechtsanw\u00e4lte in Frankfurt am Main:<\/p>\n<p>Rechtsanwaltskammer f\u00fcr den OLG-Bezirk<br \/>\nFrankfurt am Main<br \/>\nBockenheimer Anlage 36<br \/>\n60322 Frankfurt<\/p>\n<p>Berufs- und Geb\u00fchrenordnungen:<br \/>\nBundesrechtsanwaltsordnung, Berufsordnung f\u00fcr Rechtsanw\u00e4lte, Berufsregeln der Rechtsanw\u00e4lte der Europ\u00e4ischen Gemeinschaft (CCBE), Bundesgeb\u00fchrenordnung f\u00fcr Rechtsanw\u00e4lte, Details zu den Berufs- und Geb\u00fchrenordnungen siehe <a href=\"http:\/\/www.brak.de\" target=\"_blank\" rel=\"noopener noreferrer\">www.brak.de<\/a>.<\/p>\n<p class=\"p5\"><span class=\"s1\"><strong>Hinweis zur Streitbeilegung:<\/strong><br \/>\n<\/span><span class=\"s1\">Die EU-Kommission hat unter\u00a0<a href=\"http:\/\/ec.europa.eu\/consumers\/odr\/\"><span class=\"s3\">http:\/\/ec.europa.eu\/consumers\/odr\/<\/span><\/a><\/span><span class=\"s4\">\u00a0<\/span><span class=\"s1\">eine Internetplattform zur Online-Beilegung von Streitigkeiten (\u201eOS-Plattform\u201c) zwischen Unternehmern und Verbrauchern eingerichtet.<br \/>\nH\u00dcTTE Rechtsanw\u00e4lte Partnerschaft mbB ist nicht bereit und nicht verpflichtet, an einem Streitbeilegungsverfahren vor einer Verbraucherschlichtungsstelle teilzunehmen.<\/span><\/p>\n<p>&nbsp;<\/p>\n<p><strong>Hinweis zur\u00a0notariellen Dienstleistung:<\/strong><br \/>\nHerr Notar Dr. Arne H\u00fctte ist f\u00fcr den Bezirk des Oberlandesgerichts Frankfurt am Main mit dem Amts\u00adsitz in Frankfurt am Main (Bundesrepublik Deutschland) bestellt und Mitglied der Notarkammer Frankfurt am Main.<\/p>\n<p>Notarkammer Frankfurt am Main<br \/>\nBockenheimer Anlage 36<br \/>\n60322 Frankfurt am Main<br \/>\nTel.: 069 170098-02<br \/>\nFax: 069 170098-25<br \/>\nE-Mail: <a href=\"mailto:info@notarkammer-ffm.de\">info@notarkammer-ffm.de<\/a><br \/>\n<a href=\"http:\/\/www.notarkammer-ffm.de\/\">www.notarkammer-ffm.de<\/a><\/p>\n<p>Aufsichtsbeh\u00f6rde ist der Pr\u00e4sident des Landgerichtes Frankfurt am Main mit folgender Anschrift:<br \/>\nLandgericht Frankfurt am Main<br \/>\nDer Pr\u00e4sident<br \/>\nGerichtsstra\u00dfe 2<br \/>\n60313 Frankfurt am Main<\/p>\n<p>Angaben zur Berufshaftpflichtversicherung gem\u00e4\u00df \u00a7 2 DL-InfoV:<br \/>\nDie Berufshaftpflichtversicherung des Notars Dr. Arne H\u00fctte f\u00fcr die notarielle T\u00e4tigkeit besteht bei folgender Versicherungsgesellschaft:<br \/>\nAXA Versicherung AG<br \/>\nColonia-Allee 10-20<br \/>\n51067 K\u00f6ln<br \/>\nPostanschrift: 51171 K\u00f6ln<\/p>\n<p>Die berufsrecht\u00adlichen Rege\u00adlungen f\u00fcr Notare finden Sie unter<br \/>\n<a href=\"http:\/\/www.bnotk.de\/Notar\/Berufsrecht\/index.php\">www.bnotk.de\/Notar\/Berufsrecht\/index.php<\/a>:<\/p>\n<p>Bundesnotarordnung<br \/>\n<a href=\"http:\/\/www.bnotk.de\/Notar\/Berufsrecht\/BNotO\/index.php\">Link zur Bundesnotarordnung<\/a><\/p>\n<p>Beurkundungsgesetz<br \/>\n<a href=\"http:\/\/www.bnotk.de\/Notar\/Berufsrecht\/BeurkG\/index.php\">Link zum Gesetz<\/a><\/p>\n<p>GNotKG Gesetz \u00fcber Kosten der freiwilligen Gerichtsbarkeit f\u00fcr Gerichte und Notare<br \/>\n<a href=\"http:\/\/www.bnotk.de\/Notar\/Berufsrecht\/GNotKG.php\">Link zum Gesetz<\/a><\/p>\n<p>Gesetz zur \u00dcberf\u00fchrung der Testaments\u00adverzeich\u00adnisse und der Haupt\u00adkartei beim Amts\u00adgericht Sch\u00f6ne\u00adberg in Berlin in das Zen\u00adtrale Testa\u00adments\u00adregister der Bundes\u00adnotar\u00adkammer (Testa\u00adments\u00adverzeichnis-\u00dcber\u00adf\u00fchrungs\u00adgesetz-TV\u00dcG)<br \/>\n<a href=\"http:\/\/www.bnotk.de\/Notar\/Berufsrecht\/TVUEG.php\">Link zum Gesetz<\/a><\/p>\n<p>Richtlinien der Notar\u00adkammer Frankfurt<br \/>\n<a href=\"http:\/\/www.bnotk.de\/_downloads\/Richtlinien\/RichtlinienNKFrankfurt_Main_neu.pdf\">Link zu den Richtlinien<\/a><\/p>\n<p>Dienstordnung f\u00fcr Notarinnen und Notare<br \/>\n<a href=\"http:\/\/www.bnotk.de\/Notar\/Berufsrecht\/DONot.php\">Link zur Dienstordnung<\/a><\/p>\n<p>G\u00fcteordnung<br \/>\n<a href=\"http:\/\/www.bnotk.de\/Notar\/Berufsrecht\/Gueteordnung.php\">Link zur G\u00fcteordnung<\/a><\/p>\n<p>Europ\u00e4ische Standesrichtlinien<br \/>\n<a href=\"http:\/\/www.bnotk.de\/Notar\/Berufsrecht\/Eurorichtlinien.php\">Link zu den Richtlinien<\/a><\/p>\n<p>&nbsp;<\/p>\n<p><strong>Verantwortlich f\u00fcr den Inhalt nach \u00a7 55 Abs. 2 RStV:<\/strong><br \/>\nHjalmar B. H\u00fctte<br \/>\nDr. Arne H\u00fctte, LL.M.<\/p>\n<p>&nbsp;<\/p>\n<p><strong>Fotodatenbank:<\/strong><br \/>\nFotolia.com @ PUNTO STUDIO FOTO AG #81788844<br \/>\nFotolia.com @ javarman #86947700<br \/>\nFotolia.com @ festfotodesign #90309742<br \/>\nFotolia.com @ BillionPhotos.com #91419030<\/p>\n<p>&nbsp;<\/p>\n<h2>Disclaimer<\/h2>\n<p><strong>Urheberrecht<\/strong><br \/>\nAlle Inhalte dieser Website unterliegen dem deutschen Urheberrecht. Jegliches Kopieren, Vervielf\u00e4ltigen und Verwenden von Daten und Informationen dieser Homepage ist ohne ausdr\u00fcckliche und schriftliche Genehmigung des Eigent\u00fcrmers verboten und strafbar. Kopien und Downloads der Inhalte auf <a href=\"http:\/\/www.huette-legal.com\" target=\"_blank\" rel=\"noopener noreferrer\">www.huette-legal.com<\/a> sind nur f\u00fcr den privaten und nicht-kommerziellen Gebrauch erlaubt. Soweit die Inhalte nicht vom Betreiber erstellt wurden, gelten die Urheberrechte Dritter.<\/p>\n<p><strong>Haftung f\u00fcr Inhalte<\/strong><br \/>\nDie Inhalte dieser Website werden mit gr\u00f6\u00dftm\u00f6glicher Sorgfalt erstellt und gepr\u00fcft. H\u00dcTTE Rechtsanw\u00e4lte \u00fcbernimmt jedoch keine Gew\u00e4hr f\u00fcr die Richtigkeit, Vollst\u00e4ndigkeit und Aktualit\u00e4t der bereitgestellten Inhalte.<\/p>\n<p><strong>Haftung f\u00fcr Links<\/strong><br \/>\nDiese Website enth\u00e4lt Verkn\u00fcpfungen (externe Links) zu Webseiten Dritter, auf deren Inhalte wir keinen Einfluss haben. Diese Inhalte unterliegen der Haftung der jeweiligen Betreiber. Das Setzen von externen Links bedeutet nicht, dass sich H\u00dcTTE Rechtsanw\u00e4lte die hinter dem Link liegenden Inhalte zu Eigen macht. Rechtswidrige Inhalte waren zum Zeitpunkt der Verlinkung nicht erkennbar. Eine st\u00e4ndige Kontrolle der externen Links ist ohne konkrete Hinweise nicht zumutbar. Bei Kenntnisnahme von Rechtsverst\u00f6\u00dfen werden die betreffenden externen Links unverz\u00fcglich gel\u00f6scht.<\/p>\n<p>&nbsp;<\/p>\n","protected":false},"excerpt":{"rendered":"<p>Angaben gem\u00e4\u00df \u00a7 5 TMG: H\u00dcTTE Rechtsanw\u00e4lte Partnerschaft mbB Sitz der Gesellschaft: Bethmannstra\u00dfe 8 60311 Frankfurt am Main Tel. +49 (0) 69 &#8211; 24 75 612 0 Fax. +49 (0) 69 &#8211; 247 561 219 E-Mail.\u00a0Info(at)huette-legal.com USt ID: DE 216958550 Partnerschaftsregister Nr. 1575 beim AG Frankfurt\/Main &nbsp; Vertreten durch: Hjalmar B. H\u00fctte Dr. Arne H\u00fctte, [&hellip;]<\/p>\n","protected":false},"author":2,"featured_media":0,"parent":0,"menu_order":0,"comment_status":"closed","ping_status":"closed","template":"","meta":[],"acf":[],"yoast_head":"<!-- This site is optimized with the Yoast SEO plugin v17.6 - https:\/\/yoast.com\/wordpress\/plugins\/seo\/ -->\n<title>H\u00dcTTE Rechtsanw\u00e4lte, ehemals H\u00fctte-Bohnstedt-Kanzlei | Impressum<\/title>\n<meta name=\"description\" content=\"H\u00dcTTE Rechtsanw\u00e4lte, ehemals H\u00fctte-Bohnstedt Kanzlei in Frankfurt am Main \u2013 mit weiteren Standorten in D\u00fcsseldorf, Paris, Tokio.\" \/>\n<meta name=\"robots\" content=\"index, follow, max-snippet:-1, max-image-preview:large, max-video-preview:-1\" \/>\n<link rel=\"canonical\" href=\"https:\/\/huette-legal.com\/ko\/impressum\/\" \/>\n<meta property=\"og:locale\" content=\"ko_KR\" \/>\n<meta property=\"og:type\" content=\"article\" \/>\n<meta property=\"og:title\" content=\"H\u00dcTTE Rechtsanw\u00e4lte, ehemals H\u00fctte-Bohnstedt-Kanzlei | Impressum\" \/>\n<meta property=\"og:description\" content=\"H\u00dcTTE Rechtsanw\u00e4lte, ehemals H\u00fctte-Bohnstedt Kanzlei in Frankfurt am Main \u2013 mit weiteren Standorten in D\u00fcsseldorf, Paris, Tokio.\" \/>\n<meta property=\"og:url\" content=\"https:\/\/huette-legal.com\/ko\/impressum\/\" \/>\n<meta property=\"og:site_name\" content=\"H\u00fctte Rechtsanw\u00e4lte\" \/>\n<meta property=\"article:modified_time\" content=\"2019-09-20T11:08:43+00:00\" \/>\n<meta name=\"twitter:card\" content=\"summary\" \/>\n<meta name=\"twitter:label1\" content=\"Est. reading time\" \/>\n\t<meta name=\"twitter:data1\" content=\"3\ubd84\" \/>\n<script type=\"application\/ld+json\" class=\"yoast-schema-graph\">{\"@context\":\"https:\/\/schema.org\",\"@graph\":[{\"@type\":\"WebSite\",\"@id\":\"https:\/\/huette-legal.com\/#website\",\"url\":\"https:\/\/huette-legal.com\/\",\"name\":\"H\\u00fctte Rechtsanw\\u00e4lte\",\"description\":\"Partnerschaft mbB\",\"potentialAction\":[{\"@type\":\"SearchAction\",\"target\":{\"@type\":\"EntryPoint\",\"urlTemplate\":\"https:\/\/huette-legal.com\/?s={search_term_string}\"},\"query-input\":\"required name=search_term_string\"}],\"inLanguage\":\"ko-KR\"},{\"@type\":\"WebPage\",\"@id\":\"https:\/\/huette-legal.com\/ko\/impressum\/#webpage\",\"url\":\"https:\/\/huette-legal.com\/ko\/impressum\/\",\"name\":\"H\\u00dcTTE Rechtsanw\\u00e4lte, ehemals H\\u00fctte-Bohnstedt-Kanzlei | Impressum\",\"isPartOf\":{\"@id\":\"https:\/\/huette-legal.com\/#website\"},\"datePublished\":\"2017-05-12T08:36:57+00:00\",\"dateModified\":\"2019-09-20T11:08:43+00:00\",\"description\":\"H\\u00dcTTE Rechtsanw\\u00e4lte, ehemals H\\u00fctte-Bohnstedt Kanzlei in Frankfurt am Main \\u2013 mit weiteren Standorten in D\\u00fcsseldorf, Paris, Tokio.\",\"breadcrumb\":{\"@id\":\"https:\/\/huette-legal.com\/ko\/impressum\/#breadcrumb\"},\"inLanguage\":\"ko-KR\",\"potentialAction\":[{\"@type\":\"ReadAction\",\"target\":[\"https:\/\/huette-legal.com\/ko\/impressum\/\"]}]},{\"@type\":\"BreadcrumbList\",\"@id\":\"https:\/\/huette-legal.com\/ko\/impressum\/#breadcrumb\",\"itemListElement\":[{\"@type\":\"ListItem\",\"position\":1,\"name\":\"Startseite\",\"item\":\"https:\/\/huette-legal.com\/ko\/\"},{\"@type\":\"ListItem\",\"position\":2,\"name\":\"Impressum\"}]}]}<\/script>\n<!-- \/ Yoast SEO plugin. -->","yoast_head_json":{"title":"H\u00dcTTE Rechtsanw\u00e4lte, ehemals H\u00fctte-Bohnstedt-Kanzlei | Impressum","description":"H\u00dcTTE Rechtsanw\u00e4lte, ehemals H\u00fctte-Bohnstedt Kanzlei in Frankfurt am Main \u2013 mit weiteren Standorten in D\u00fcsseldorf, Paris, Tokio.","robots":{"index":"index","follow":"follow","max-snippet":"max-snippet:-1","max-image-preview":"max-image-preview:large","max-video-preview":"max-video-preview:-1"},"canonical":"https:\/\/huette-legal.com\/ko\/impressum\/","og_locale":"ko_KR","og_type":"article","og_title":"H\u00dcTTE Rechtsanw\u00e4lte, ehemals H\u00fctte-Bohnstedt-Kanzlei | Impressum","og_description":"H\u00dcTTE Rechtsanw\u00e4lte, ehemals H\u00fctte-Bohnstedt Kanzlei in Frankfurt am Main \u2013 mit weiteren Standorten in D\u00fcsseldorf, Paris, Tokio.","og_url":"https:\/\/huette-legal.com\/ko\/impressum\/","og_site_name":"H\u00fctte Rechtsanw\u00e4lte","article_modified_time":"2019-09-20T11:08:43+00:00","twitter_card":"summary","twitter_misc":{"Est. reading time":"3\ubd84"},"schema":{"@context":"https:\/\/schema.org","@graph":[{"@type":"WebSite","@id":"https:\/\/huette-legal.com\/#website","url":"https:\/\/huette-legal.com\/","name":"H\u00fctte Rechtsanw\u00e4lte","description":"Partnerschaft mbB","potentialAction":[{"@type":"SearchAction","target":{"@type":"EntryPoint","urlTemplate":"https:\/\/huette-legal.com\/?s={search_term_string}"},"query-input":"required name=search_term_string"}],"inLanguage":"ko-KR"},{"@type":"WebPage","@id":"https:\/\/huette-legal.com\/ko\/impressum\/#webpage","url":"https:\/\/huette-legal.com\/ko\/impressum\/","name":"H\u00dcTTE Rechtsanw\u00e4lte, ehemals H\u00fctte-Bohnstedt-Kanzlei | Impressum","isPartOf":{"@id":"https:\/\/huette-legal.com\/#website"},"datePublished":"2017-05-12T08:36:57+00:00","dateModified":"2019-09-20T11:08:43+00:00","description":"H\u00dcTTE Rechtsanw\u00e4lte, ehemals H\u00fctte-Bohnstedt Kanzlei in Frankfurt am Main \u2013 mit weiteren Standorten in D\u00fcsseldorf, Paris, Tokio.","breadcrumb":{"@id":"https:\/\/huette-legal.com\/ko\/impressum\/#breadcrumb"},"inLanguage":"ko-KR","potentialAction":[{"@type":"ReadAction","target":["https:\/\/huette-legal.com\/ko\/impressum\/"]}]},{"@type":"BreadcrumbList","@id":"https:\/\/huette-legal.com\/ko\/impressum\/#breadcrumb","itemListElement":[{"@type":"ListItem","position":1,"name":"Startseite","item":"https:\/\/huette-legal.com\/ko\/"},{"@type":"ListItem","position":2,"name":"Impressum"}]}]}},"_links":{"self":[{"href":"https:\/\/huette-legal.com\/ko\/wp-json\/wp\/v2\/pages\/272"}],"collection":[{"href":"https:\/\/huette-legal.com\/ko\/wp-json\/wp\/v2\/pages"}],"about":[{"href":"https:\/\/huette-legal.com\/ko\/wp-json\/wp\/v2\/types\/page"}],"author":[{"embeddable":true,"href":"https:\/\/huette-legal.com\/ko\/wp-json\/wp\/v2\/users\/2"}],"replies":[{"embeddable":true,"href":"https:\/\/huette-legal.com\/ko\/wp-json\/wp\/v2\/comments?post=272"}],"version-history":[{"count":7,"href":"https:\/\/huette-legal.com\/ko\/wp-json\/wp\/v2\/pages\/272\/revisions"}],"predecessor-version":[{"id":656,"href":"https:\/\/huette-legal.com\/ko\/wp-json\/wp\/v2\/pages\/272\/revisions\/656"}],"wp:attachment":[{"href":"https:\/\/huette-legal.com\/ko\/wp-json\/wp\/v2\/media?parent=272"}],"curies":[{"name":"wp","href":"https:\/\/api.w.org\/{rel}","templated":true}]}}