{"id":263,"date":"2017-05-12T10:37:05","date_gmt":"2017-05-12T08:37:05","guid":{"rendered":"http:\/\/huette-legal.com\/datenschutz\/"},"modified":"2019-10-26T11:09:42","modified_gmt":"2019-10-26T09:09:42","slug":"datenschutz","status":"publish","type":"page","link":"https:\/\/huette-legal.com\/ko\/datenschutz\/","title":{"rendered":"Datenschutz"},"content":{"rendered":"<h2><span lang=\"KO\">\uc815\ubcf4 \ubcf4\ud638<\/span><\/h2>\n<p>&nbsp;<\/p>\n<h3>1.1 <span lang=\"KO\">\ucc45\uc784\uc790<\/span><\/h3>\n<p>H\u00fctte Rechtsanw\u00e4lte Partnerschaft mbB<\/p>\n<p>Bethmannstra\u00dfe 8<\/p>\n<p>60311 Frankfurt<\/p>\n<p>Telefon: +49-69-246561242<\/p>\n<p>e-mail: <a href=\"mailto:contact@huette-legal.com\">contact@huette-legal.com<\/a><\/p>\n<p>&nbsp;<\/p>\n<h3>1.2 <span lang=\"KO\">\uc815\ubcf4 \ubcf4\ud638 \uac10\ub3c5\uae30\uad00<\/span><\/h3>\n<p>Der Hessische Datenschutzbeauftragte<br \/>\nPostfach 31 63<br \/>\n65021 Wiesbaden<\/p>\n<p>Gustav-Stresemann-Ring 1<br \/>\n65189 Wiesbaden<\/p>\n<p>Tel. 0611\/1408-0<br \/>\nFax 0611\/1408-900 oder -901<br \/>\n<a href=\"https:\/\/www.datenschutz.hessen.de\/\">https:\/\/www.datenschutz.hessen.de<\/a><\/p>\n<h2><\/h2>\n<h2><\/h2>\n<p>&nbsp;<\/p>\n<h2>2. <span lang=\"KO\">\uac1c\uc778 \uc815\ubcf4 \ubcf4\ud638 \uc815\ucc45<\/span><\/h2>\n<p>\uc800\ud76c \ud648\ud398\uc774\uc9c0\ub97c \ubc29\ubb38\ud574\uc8fc\uc154\uc11c \uac10\uc0ac\ud569\ub2c8\ub2e4. \uadc0\ud558\uc758 \uac1c\uc778\uc815\ubcf4\uc5d0 \uad00\ud55c \ubcf4\ud638\ub294 \uc800\ud76c\uc5d0\uac8c \ub9e4\uc6b0 \uc911\uc694\ud569\ub2c8\ub2e4.<\/p>\n<p>\uc800\ud76c \ud68c\uc0ac\ub294 \uc815\ubcf4\ubcf4\ud638 \uaddc\uc815\uc744 \uc900\uc218\ud568\uc744 \uc54c\ub824\ub4dc\ub9bd\ub2c8\ub2e4.<\/p>\n<p>\uc800\ud76c\ub294 \uc815\ubcf4\ud1b5\uc2e0\ubc95(TMG)<\/p>\n<p>\ubc0f \uae30\ud0c0 \uc815\ubcf4 \ubcf4\ud638 \uaddc\uc815\uc758 \uc815\ubcf4 \ubcf4\ud638\ubc95(BDSG)\uc758EU \uc815\ubcf4 \ubcf4\ud638 \uaddc\uc815(EU-DSGVO)\uc758 \ubc95\uc801 \uc870\ud56d\uc744 \uc900\uc218\ud569\ub2c8\ub2e4.<\/p>\n<h3><\/h3>\n<h3>2.1.1 <span lang=\"KO\">\uc815\ubcf4\ucc98\ub9ac \ud45c\uc2dc\uc640 \ubaa9\uc801<\/span><\/h3>\n<p><span lang=\"KO\">\ud734\ud14c \ubc95\ubb34\ubc95\uc778\uc758 \ud648\ud398\uc774\uc9c0 \ub0b4\uc5d0\uc11c\ub294 \uc815\ubcf4\ub97c \uc218\uc9d1 \ud639\uc740 \ucc98\ub9ac\ud558\uc9c0 \uc54a\uc73c\uba70<\/span>, <span lang=\"KO\">\uc0ac\uc6a9\ud558\uc9c0\ub3c4 \uc54a\uc2b5\ub2c8\ub2e4<\/span>.<\/p>\n<h3><\/h3>\n<h3>2.1.2 <span lang=\"KO\">\uc815\ubcf4\ub97c \uc804\ub2ec\ud560 \uc218 \uc788\ub294 \uc218\uc2e0\uc790<\/span><\/h3>\n<p>\ubcf8 \uc6f9\uc0ac\uc774\ud2b8\ub294 \uc11c\ubc84 \ud638\uc2a4\ud2b8&#8221;all-inkl.com&#8221;\uc5d0 \uc11c\ubc84\ub97c \ub450\uace0 \uc6b4\uc601\ub418\uba70, \uc6f9\uc0ac\uc774\ud2b8\uc758 \ubaa8\ub4e0 \ub0b4\uc6a9\uc740 \ud734\ud14c \ubc95\ubb34\ubc95\uc778\uc5d0\uc11c \uad00\ub9ac\ud569\ub2c8\ub2e4.<\/p>\n<p>\uc800\ud76c\ub294 \ubd84\uc11d \ud234\uc744 \uc774\uc6a9\ud55c \uc0ac\uc6a9\uc790 \ubd84\uc11d\uc744 \ud558\uc9c0 \uc54a\uace0 \uc788\uc2b5\ub2c8\ub2e4.<\/p>\n<p>&nbsp;<\/p>\n<h3>2.1.3 <span lang=\"KO\">\uc0ad\uc81c\uae30\uac04 <\/span><\/h3>\n<p><span lang=\"KO\">\ubc95\uc73c\ub85c \uc815\ud574\uc9c4 \ub2e4\ub978 \uaddc\uc728\uc774 \uc5c6\ub294 \ud55c<\/span>, <span lang=\"KO\">\ubc95\uc801\uc778 \ubcf4\uad00\uae30\uac04\uc774 \uacbd\uacfc\ud558\uac70\ub098 \uc815\ubcf4 \uc218\uc9d1\uc758 \ubaa9\uc801\uc774 \uc18c\uba78\ud55c \uacbd\uc6b0\uc5d0\ub294 \ud574\ub2f9 \uc815\ubcf4\uac00 \uc0ad\uc81c\ub429\ub2c8\ub2e4<\/span>.<\/p>\n<h3><\/h3>\n<h3>2.1.4 <span lang=\"KO\">\uc0ac\uc6a9\ud504\ub85c\uadf8\ub7a8<\/span><\/h3>\n<p>\ud558\uae30\uc758 \ud504\ub85c\uadf8\ub7a8\uc774 \uc0ac\uc6a9\ub429\ub2c8\ub2e4.<\/p>\n<ul>\n<li>Content Management System \u201eWordpress\u201c<\/li>\n<li>WPML \u2013 Sprachenplugin<\/li>\n<li>Google Web Fonts<\/li>\n<li>Google Maps<\/li>\n<\/ul>\n<p>&nbsp;<\/p>\n<h3>2.2 <span lang=\"KO\">\uc54c\ub9bc<\/span>, <span lang=\"KO\">\uc218\uc815 \ubc0f \ucde8\uc18c\uc5d0 \uad00\ud55c \uad8c\ub9ac\uc640 \uce68\ud574\uc5d0 \uad00\ud55c \uad8c\ub9ac<\/span><\/h3>\n<p>\uc81c15 \uc870EU GDPR\uc5d0\ub530\ub77c\uc11c \uadc0\ud558\ub294\uc5b4\ub5a0\ud55c \uc0ac\uc720 \uc5c6\uc774 \uadc0\ud558\uc758 \uac1c\uc778\uc815\ubcf4\uc758 \uc218\uc9d1 \uc5ec\ubd80\uc640, \ucc98\ub9ac \ubc29\ubc95\uc5d0 \uad00\ud55c \uc815\ubcf4\ub97c \uc5bb\uc744 \uad8c\ub9ac\uac00 \uc788\uc2b5\ub2c8\ub2e4.<\/p>\n<p>\uc800\ud76c\ub294 \uadc0\ud558\uc758 \uc694\uccad\uc5d0 \ub530\ub77c \ud574\ub2f9 \uc0ac\ud56d\uc744 \uc54c\ub824\ub4dc\ub9bd\ub2c8\ub2e4.<\/p>\n<p>\uadc0\ud558\uaed8\uc11c\ub294 \ub610\ud55c \uc81c16\uc870EU GDPR\uc5d0 \ub530\ub77c\uc11c \uc218\uc9d1\ub41c \uc7a5\ubcf4\ub97c \uc811\uadfc \ucc28\ub2e8, \uc218\uc815 \ub610\ub294 \uc0ad\uc81c\ud560 \uc218 \uc788\ub294 \uad8c\ud55c\uc774 \uc788\uc2b5\ub2c8\ub2e4.<\/p>\n<p>\uc5b4\ub5a0\ud55c \uc0ac\uc720 \uc5c6\uc774 \uc800\ud76c\uc5d0\uac8c \uc81c\uacf5\ub41c \uc815\ubcf4 \ucc98\ub9ac\ub97c \uc704\ud55c \ub3d9\uc758 \uc5ed\uc2dc \ucca0\ud68c\ud560 \uc218 \uc788\uc2b5\ub2c8\ub2e4.<\/p>\n<p>\uc704\uc5d0 \uba85\uc2dc\ub41c \uc5f0\ub77d\ucc98\ub85c \uc5f0\ub77d\uc744 \uc8fc\uc2dc\uba74, \uac1c\uc778 \uc815\ubcf4 \ubcf4\ud638 \uc815\ucc45 \ubc0f \uac1c\uc778 \uc815\ubcf4 \ucc98\ub9ac\uc5d0 \uad00\ud55c \ucd94\uac00\uc801\uc778 \uc9c8\ubb38\uc5d0 \ub2f5\ud574\ub4dc\ub9ac\uaca0\uc2b5\ub2c8\ub2e4.<\/p>\n<p>\uc800\ud76c \ud734\ud14c \ubc95\ubb34\ubc95\uc778\uc774 \uc815\ubcf4 \ubcf4\ud638\ub97c \uc704\ud558\uc5ec \ubaa8\ub4e0 \uc8fc\uc758\uc758\ubb34\ub85c\ub97c \uc900\uc218\ud568\uc5d0\ub3c4 \ubd88\uad6c\ud558\uace0 \uc774\uc640 \uad00\ub828\ub41c \ubd88\ub9cc\uc744 \ud45c\uba85\ud574\uc57c \ud560 \uacbd\uc6b0\uc5d0\ub294 \uadc0\ud558\ub294 \uc81c77\uc870EU GDPR \uc5d0 \ub530\ub77c\uc11c \uad00\ud560 \uac10\ub3c5 \uad00\uccad\uc5d0 \uc774\ub97c \uc81c\uae30\ud560 \uc218 \uc788\uc2b5\ub2c8\ub2e4.<\/p>\n<p>\uc5f0\ub77d\ucc98\ub294 \uc0c1\ub2e8\uc5d0 \uc704\uce58\ud574 \uc788\uc2b5\ub2c8\ub2e4.<\/p>\n<h3><\/h3>\n","protected":false},"excerpt":{"rendered":"<p>\uc815\ubcf4 \ubcf4\ud638 &nbsp; 1.1 \ucc45\uc784\uc790 H\u00fctte Rechtsanw\u00e4lte Partnerschaft mbB Bethmannstra\u00dfe 8 60311 Frankfurt Telefon: +49-69-246561242 e-mail: contact@huette-legal.com &nbsp; 1.2 \uc815\ubcf4 \ubcf4\ud638 \uac10\ub3c5\uae30\uad00 Der Hessische Datenschutzbeauftragte Postfach 31 63 65021 Wiesbaden Gustav-Stresemann-Ring 1 65189 Wiesbaden Tel. 0611\/1408-0 Fax 0611\/1408-900 oder -901 https:\/\/www.datenschutz.hessen.de &nbsp; 2. \uac1c\uc778 \uc815\ubcf4 \ubcf4\ud638 \uc815\ucc45 \uc800\ud76c \ud648\ud398\uc774\uc9c0\ub97c \ubc29\ubb38\ud574\uc8fc\uc154\uc11c \uac10\uc0ac\ud569\ub2c8\ub2e4. \uadc0\ud558\uc758 \uac1c\uc778\uc815\ubcf4\uc5d0 \uad00\ud55c \ubcf4\ud638\ub294 [&hellip;]<\/p>\n","protected":false},"author":2,"featured_media":0,"parent":0,"menu_order":0,"comment_status":"closed","ping_status":"closed","template":"","meta":[],"acf":[],"yoast_head":"<!-- This site is optimized with the Yoast SEO plugin v17.6 - https:\/\/yoast.com\/wordpress\/plugins\/seo\/ -->\n<title>Datenschutz - H\u00fctte Rechtsanw\u00e4lte<\/title>\n<meta name=\"robots\" content=\"noindex, follow\" \/>\n<meta property=\"og:locale\" content=\"ko_KR\" \/>\n<meta property=\"og:type\" content=\"article\" \/>\n<meta property=\"og:title\" content=\"Datenschutz - H\u00fctte Rechtsanw\u00e4lte\" \/>\n<meta property=\"og:description\" content=\"\uc815\ubcf4 \ubcf4\ud638 &nbsp; 1.1 \ucc45\uc784\uc790 H\u00fctte Rechtsanw\u00e4lte Partnerschaft mbB Bethmannstra\u00dfe 8 60311 Frankfurt Telefon: +49-69-246561242 e-mail: contact@huette-legal.com &nbsp; 1.2 \uc815\ubcf4 \ubcf4\ud638 \uac10\ub3c5\uae30\uad00 Der Hessische Datenschutzbeauftragte Postfach 31 63 65021 Wiesbaden Gustav-Stresemann-Ring 1 65189 Wiesbaden Tel. 0611\/1408-0 Fax 0611\/1408-900 oder -901 https:\/\/www.datenschutz.hessen.de &nbsp; 2. \uac1c\uc778 \uc815\ubcf4 \ubcf4\ud638 \uc815\ucc45 \uc800\ud76c \ud648\ud398\uc774\uc9c0\ub97c \ubc29\ubb38\ud574\uc8fc\uc154\uc11c \uac10\uc0ac\ud569\ub2c8\ub2e4. \uadc0\ud558\uc758 \uac1c\uc778\uc815\ubcf4\uc5d0 \uad00\ud55c \ubcf4\ud638\ub294 [&hellip;]\" \/>\n<meta property=\"og:url\" content=\"https:\/\/huette-legal.com\/ko\/datenschutz\/\" \/>\n<meta property=\"og:site_name\" content=\"H\u00fctte Rechtsanw\u00e4lte\" \/>\n<meta property=\"article:modified_time\" content=\"2019-10-26T09:09:42+00:00\" \/>\n<meta name=\"twitter:card\" content=\"summary\" \/>\n<script type=\"application\/ld+json\" class=\"yoast-schema-graph\">{\"@context\":\"https:\/\/schema.org\",\"@graph\":[{\"@type\":\"WebSite\",\"@id\":\"https:\/\/huette-legal.com\/#website\",\"url\":\"https:\/\/huette-legal.com\/\",\"name\":\"H\\u00fctte Rechtsanw\\u00e4lte\",\"description\":\"Partnerschaft mbB\",\"potentialAction\":[{\"@type\":\"SearchAction\",\"target\":{\"@type\":\"EntryPoint\",\"urlTemplate\":\"https:\/\/huette-legal.com\/?s={search_term_string}\"},\"query-input\":\"required name=search_term_string\"}],\"inLanguage\":\"ko-KR\"},{\"@type\":\"WebPage\",\"@id\":\"https:\/\/huette-legal.com\/ko\/datenschutz\/#webpage\",\"url\":\"https:\/\/huette-legal.com\/ko\/datenschutz\/\",\"name\":\"Datenschutz - H\\u00fctte Rechtsanw\\u00e4lte\",\"isPartOf\":{\"@id\":\"https:\/\/huette-legal.com\/#website\"},\"datePublished\":\"2017-05-12T08:37:05+00:00\",\"dateModified\":\"2019-10-26T09:09:42+00:00\",\"breadcrumb\":{\"@id\":\"https:\/\/huette-legal.com\/ko\/datenschutz\/#breadcrumb\"},\"inLanguage\":\"ko-KR\",\"potentialAction\":[{\"@type\":\"ReadAction\",\"target\":[\"https:\/\/huette-legal.com\/ko\/datenschutz\/\"]}]},{\"@type\":\"BreadcrumbList\",\"@id\":\"https:\/\/huette-legal.com\/ko\/datenschutz\/#breadcrumb\",\"itemListElement\":[{\"@type\":\"ListItem\",\"position\":1,\"name\":\"Startseite\",\"item\":\"https:\/\/huette-legal.com\/ko\/\"},{\"@type\":\"ListItem\",\"position\":2,\"name\":\"Datenschutz\"}]}]}<\/script>\n<!-- \/ Yoast SEO plugin. -->","yoast_head_json":{"title":"Datenschutz - H\u00fctte Rechtsanw\u00e4lte","robots":{"index":"noindex","follow":"follow"},"og_locale":"ko_KR","og_type":"article","og_title":"Datenschutz - H\u00fctte Rechtsanw\u00e4lte","og_description":"\uc815\ubcf4 \ubcf4\ud638 &nbsp; 1.1 \ucc45\uc784\uc790 H\u00fctte Rechtsanw\u00e4lte Partnerschaft mbB Bethmannstra\u00dfe 8 60311 Frankfurt Telefon: +49-69-246561242 e-mail: contact@huette-legal.com &nbsp; 1.2 \uc815\ubcf4 \ubcf4\ud638 \uac10\ub3c5\uae30\uad00 Der Hessische Datenschutzbeauftragte Postfach 31 63 65021 Wiesbaden Gustav-Stresemann-Ring 1 65189 Wiesbaden Tel. 0611\/1408-0 Fax 0611\/1408-900 oder -901 https:\/\/www.datenschutz.hessen.de &nbsp; 2. \uac1c\uc778 \uc815\ubcf4 \ubcf4\ud638 \uc815\ucc45 \uc800\ud76c \ud648\ud398\uc774\uc9c0\ub97c \ubc29\ubb38\ud574\uc8fc\uc154\uc11c \uac10\uc0ac\ud569\ub2c8\ub2e4. \uadc0\ud558\uc758 \uac1c\uc778\uc815\ubcf4\uc5d0 \uad00\ud55c \ubcf4\ud638\ub294 [&hellip;]","og_url":"https:\/\/huette-legal.com\/ko\/datenschutz\/","og_site_name":"H\u00fctte Rechtsanw\u00e4lte","article_modified_time":"2019-10-26T09:09:42+00:00","twitter_card":"summary","schema":{"@context":"https:\/\/schema.org","@graph":[{"@type":"WebSite","@id":"https:\/\/huette-legal.com\/#website","url":"https:\/\/huette-legal.com\/","name":"H\u00fctte Rechtsanw\u00e4lte","description":"Partnerschaft mbB","potentialAction":[{"@type":"SearchAction","target":{"@type":"EntryPoint","urlTemplate":"https:\/\/huette-legal.com\/?s={search_term_string}"},"query-input":"required name=search_term_string"}],"inLanguage":"ko-KR"},{"@type":"WebPage","@id":"https:\/\/huette-legal.com\/ko\/datenschutz\/#webpage","url":"https:\/\/huette-legal.com\/ko\/datenschutz\/","name":"Datenschutz - H\u00fctte Rechtsanw\u00e4lte","isPartOf":{"@id":"https:\/\/huette-legal.com\/#website"},"datePublished":"2017-05-12T08:37:05+00:00","dateModified":"2019-10-26T09:09:42+00:00","breadcrumb":{"@id":"https:\/\/huette-legal.com\/ko\/datenschutz\/#breadcrumb"},"inLanguage":"ko-KR","potentialAction":[{"@type":"ReadAction","target":["https:\/\/huette-legal.com\/ko\/datenschutz\/"]}]},{"@type":"BreadcrumbList","@id":"https:\/\/huette-legal.com\/ko\/datenschutz\/#breadcrumb","itemListElement":[{"@type":"ListItem","position":1,"name":"Startseite","item":"https:\/\/huette-legal.com\/ko\/"},{"@type":"ListItem","position":2,"name":"Datenschutz"}]}]}},"_links":{"self":[{"href":"https:\/\/huette-legal.com\/ko\/wp-json\/wp\/v2\/pages\/263"}],"collection":[{"href":"https:\/\/huette-legal.com\/ko\/wp-json\/wp\/v2\/pages"}],"about":[{"href":"https:\/\/huette-legal.com\/ko\/wp-json\/wp\/v2\/types\/page"}],"author":[{"embeddable":true,"href":"https:\/\/huette-legal.com\/ko\/wp-json\/wp\/v2\/users\/2"}],"replies":[{"embeddable":true,"href":"https:\/\/huette-legal.com\/ko\/wp-json\/wp\/v2\/comments?post=263"}],"version-history":[{"count":8,"href":"https:\/\/huette-legal.com\/ko\/wp-json\/wp\/v2\/pages\/263\/revisions"}],"predecessor-version":[{"id":673,"href":"https:\/\/huette-legal.com\/ko\/wp-json\/wp\/v2\/pages\/263\/revisions\/673"}],"wp:attachment":[{"href":"https:\/\/huette-legal.com\/ko\/wp-json\/wp\/v2\/media?parent=263"}],"curies":[{"name":"wp","href":"https:\/\/api.w.org\/{rel}","templated":true}]}}