{"id":265,"date":"2017-05-12T10:34:56","date_gmt":"2017-05-12T08:34:56","guid":{"rendered":"http:\/\/huette-legal.com\/home\/"},"modified":"2017-08-30T08:57:10","modified_gmt":"2017-08-30T06:57:10","slug":"home","status":"publish","type":"page","link":"https:\/\/huette-legal.com\/ja\/","title":{"rendered":"Home"},"content":{"rendered":"<h1>\u6cd5\u5f8b\u76f8\u8ac7\u3092\u901a\u3058\u3066<br \/>\u7686\u69d8\u306e\u529b\u306b\u3002<\/h1>\n<h2>\u7d4c\u6e08\u6cd5\u30fb\u5546\u6cd5<br \/>\n\u52b4\u50cd\u6cd5\u30fb\u4f1a\u793e\u6cd5<br \/>\n\u56fd\u969b\u6cd5<\/h2>\n<p>&nbsp;<\/p>\n","protected":false},"excerpt":{"rendered":"<p>\u6cd5\u5f8b\u76f8\u8ac7\u3092\u901a\u3058\u3066\u7686\u69d8\u306e\u529b\u306b\u3002 \u7d4c\u6e08\u6cd5\u30fb\u5546\u6cd5 \u52b4\u50cd\u6cd5\u30fb\u4f1a\u793e\u6cd5 \u56fd\u969b\u6cd5 &nbsp;<\/p>\n","protected":false},"author":2,"featured_media":59,"parent":0,"menu_order":0,"comment_status":"closed","ping_status":"closed","template":"front-page.php","meta":[],"acf":[],"yoast_head":"<!-- This site is optimized with the Yoast SEO plugin v17.6 - https:\/\/yoast.com\/wordpress\/plugins\/seo\/ -->\n<title>Die Kanzlei H\u00fctte-Bohnstedt hei\u00dft jetzt H\u00dcTTE-Rechtsanw\u00e4lte<\/title>\n<meta name=\"description\" content=\"\u30d5\u30e9\u30f3\u30af\u30d5\u30eb\u30c8\u3067\u5f01\u8b77\u58eb\u3068\u516c\u8a3c\u4eba\u3092\u304a\u63a2\u3057\u306a\u3089 \u30d2\u30e5\u30c3\u30c6\u6cd5\u5f8b\u4e8b\u52d9\u6240\u306f\u7d4c\u6e08\u6cd5\u304a\u3088\u3073\u4f1a\u793e\u6cd5\u306b\u7279\u5316\u3057\u305f\u6cd5\u5f8b\u4e8b\u52d9\u6240\u3067\u3059\u3002\u30d5\u30e9\u30f3\u30af\u30d5\u30eb\u30c8\u3001\u30c7\u30e5\u30c3\u30bb\u30eb\u30c9\u30eb\u30d5\u3001\u30d1\u30ea\u3001\u6771\u4eac\u306e\u5404\u62e0\u70b9\u3067\u7686\u69d8\u306e\u4e8b\u696d\u3092\u30b5\u30dd\u30fc\u30c8\u3044\u305f\u3057\u307e\u3059\u3002\" \/>\n<meta name=\"robots\" content=\"index, follow, max-snippet:-1, max-image-preview:large, max-video-preview:-1\" \/>\n<link rel=\"canonical\" href=\"https:\/\/huette-legal.com\/ja\/\" \/>\n<meta property=\"og:locale\" content=\"ja_JP\" \/>\n<meta property=\"og:type\" content=\"article\" \/>\n<meta property=\"og:title\" content=\"Die Kanzlei H\u00fctte-Bohnstedt hei\u00dft jetzt H\u00dcTTE-Rechtsanw\u00e4lte\" \/>\n<meta property=\"og:description\" content=\"\u30d5\u30e9\u30f3\u30af\u30d5\u30eb\u30c8\u3067\u5f01\u8b77\u58eb\u3068\u516c\u8a3c\u4eba\u3092\u304a\u63a2\u3057\u306a\u3089 \u30d2\u30e5\u30c3\u30c6\u6cd5\u5f8b\u4e8b\u52d9\u6240\u306f\u7d4c\u6e08\u6cd5\u304a\u3088\u3073\u4f1a\u793e\u6cd5\u306b\u7279\u5316\u3057\u305f\u6cd5\u5f8b\u4e8b\u52d9\u6240\u3067\u3059\u3002\u30d5\u30e9\u30f3\u30af\u30d5\u30eb\u30c8\u3001\u30c7\u30e5\u30c3\u30bb\u30eb\u30c9\u30eb\u30d5\u3001\u30d1\u30ea\u3001\u6771\u4eac\u306e\u5404\u62e0\u70b9\u3067\u7686\u69d8\u306e\u4e8b\u696d\u3092\u30b5\u30dd\u30fc\u30c8\u3044\u305f\u3057\u307e\u3059\u3002\" \/>\n<meta property=\"og:url\" content=\"https:\/\/huette-legal.com\/ja\/\" \/>\n<meta property=\"og:site_name\" content=\"H\u00fctte Rechtsanw\u00e4lte\" \/>\n<meta property=\"article:modified_time\" content=\"2017-08-30T06:57:10+00:00\" \/>\n<meta property=\"og:image\" content=\"https:\/\/huette-legal.com\/wp-content\/uploads\/2017\/05\/home.jpg\" \/>\n\t<meta property=\"og:image:width\" content=\"3600\" \/>\n\t<meta property=\"og:image:height\" content=\"2403\" \/>\n<meta name=\"twitter:card\" content=\"summary\" \/>\n<script type=\"application\/ld+json\" class=\"yoast-schema-graph\">{\"@context\":\"https:\/\/schema.org\",\"@graph\":[{\"@type\":\"WebSite\",\"@id\":\"https:\/\/huette-legal.com\/#website\",\"url\":\"https:\/\/huette-legal.com\/\",\"name\":\"H\\u00fctte Rechtsanw\\u00e4lte\",\"description\":\"Partnerschaft mbB\",\"potentialAction\":[{\"@type\":\"SearchAction\",\"target\":{\"@type\":\"EntryPoint\",\"urlTemplate\":\"https:\/\/huette-legal.com\/?s={search_term_string}\"},\"query-input\":\"required name=search_term_string\"}],\"inLanguage\":\"ja\"},{\"@type\":\"ImageObject\",\"@id\":\"https:\/\/huette-legal.com\/ja\/#primaryimage\",\"inLanguage\":\"ja\",\"url\":\"https:\/\/huette-legal.com\/wp-content\/uploads\/2017\/05\/home.jpg\",\"contentUrl\":\"https:\/\/huette-legal.com\/wp-content\/uploads\/2017\/05\/home.jpg\",\"width\":3600,\"height\":2403,\"caption\":\"Tokio\"},{\"@type\":\"WebPage\",\"@id\":\"https:\/\/huette-legal.com\/ja\/#webpage\",\"url\":\"https:\/\/huette-legal.com\/ja\/\",\"name\":\"Die Kanzlei H\\u00fctte-Bohnstedt hei\\u00dft jetzt H\\u00dcTTE-Rechtsanw\\u00e4lte\",\"isPartOf\":{\"@id\":\"https:\/\/huette-legal.com\/#website\"},\"primaryImageOfPage\":{\"@id\":\"https:\/\/huette-legal.com\/ja\/#primaryimage\"},\"datePublished\":\"2017-05-12T08:34:56+00:00\",\"dateModified\":\"2017-08-30T06:57:10+00:00\",\"description\":\"\\u30d5\\u30e9\\u30f3\\u30af\\u30d5\\u30eb\\u30c8\\u3067\\u5f01\\u8b77\\u58eb\\u3068\\u516c\\u8a3c\\u4eba\\u3092\\u304a\\u63a2\\u3057\\u306a\\u3089 \\u30d2\\u30e5\\u30c3\\u30c6\\u6cd5\\u5f8b\\u4e8b\\u52d9\\u6240\\u306f\\u7d4c\\u6e08\\u6cd5\\u304a\\u3088\\u3073\\u4f1a\\u793e\\u6cd5\\u306b\\u7279\\u5316\\u3057\\u305f\\u6cd5\\u5f8b\\u4e8b\\u52d9\\u6240\\u3067\\u3059\\u3002\\u30d5\\u30e9\\u30f3\\u30af\\u30d5\\u30eb\\u30c8\\u3001\\u30c7\\u30e5\\u30c3\\u30bb\\u30eb\\u30c9\\u30eb\\u30d5\\u3001\\u30d1\\u30ea\\u3001\\u6771\\u4eac\\u306e\\u5404\\u62e0\\u70b9\\u3067\\u7686\\u69d8\\u306e\\u4e8b\\u696d\\u3092\\u30b5\\u30dd\\u30fc\\u30c8\\u3044\\u305f\\u3057\\u307e\\u3059\\u3002\",\"breadcrumb\":{\"@id\":\"https:\/\/huette-legal.com\/ja\/#breadcrumb\"},\"inLanguage\":\"ja\",\"potentialAction\":[{\"@type\":\"ReadAction\",\"target\":[\"https:\/\/huette-legal.com\/ja\/\"]}]},{\"@type\":\"BreadcrumbList\",\"@id\":\"https:\/\/huette-legal.com\/ja\/#breadcrumb\",\"itemListElement\":[{\"@type\":\"ListItem\",\"position\":1,\"name\":\"Startseite\",\"item\":\"https:\/\/huette-legal.com\/ja\/\"},{\"@type\":\"ListItem\",\"position\":2,\"name\":\"Home\"}]}]}<\/script>\n<!-- \/ Yoast SEO plugin. -->","yoast_head_json":{"title":"Die Kanzlei H\u00fctte-Bohnstedt hei\u00dft jetzt H\u00dcTTE-Rechtsanw\u00e4lte","description":"\u30d5\u30e9\u30f3\u30af\u30d5\u30eb\u30c8\u3067\u5f01\u8b77\u58eb\u3068\u516c\u8a3c\u4eba\u3092\u304a\u63a2\u3057\u306a\u3089 \u30d2\u30e5\u30c3\u30c6\u6cd5\u5f8b\u4e8b\u52d9\u6240\u306f\u7d4c\u6e08\u6cd5\u304a\u3088\u3073\u4f1a\u793e\u6cd5\u306b\u7279\u5316\u3057\u305f\u6cd5\u5f8b\u4e8b\u52d9\u6240\u3067\u3059\u3002\u30d5\u30e9\u30f3\u30af\u30d5\u30eb\u30c8\u3001\u30c7\u30e5\u30c3\u30bb\u30eb\u30c9\u30eb\u30d5\u3001\u30d1\u30ea\u3001\u6771\u4eac\u306e\u5404\u62e0\u70b9\u3067\u7686\u69d8\u306e\u4e8b\u696d\u3092\u30b5\u30dd\u30fc\u30c8\u3044\u305f\u3057\u307e\u3059\u3002","robots":{"index":"index","follow":"follow","max-snippet":"max-snippet:-1","max-image-preview":"max-image-preview:large","max-video-preview":"max-video-preview:-1"},"canonical":"https:\/\/huette-legal.com\/ja\/","og_locale":"ja_JP","og_type":"article","og_title":"Die Kanzlei H\u00fctte-Bohnstedt hei\u00dft jetzt H\u00dcTTE-Rechtsanw\u00e4lte","og_description":"\u30d5\u30e9\u30f3\u30af\u30d5\u30eb\u30c8\u3067\u5f01\u8b77\u58eb\u3068\u516c\u8a3c\u4eba\u3092\u304a\u63a2\u3057\u306a\u3089 \u30d2\u30e5\u30c3\u30c6\u6cd5\u5f8b\u4e8b\u52d9\u6240\u306f\u7d4c\u6e08\u6cd5\u304a\u3088\u3073\u4f1a\u793e\u6cd5\u306b\u7279\u5316\u3057\u305f\u6cd5\u5f8b\u4e8b\u52d9\u6240\u3067\u3059\u3002\u30d5\u30e9\u30f3\u30af\u30d5\u30eb\u30c8\u3001\u30c7\u30e5\u30c3\u30bb\u30eb\u30c9\u30eb\u30d5\u3001\u30d1\u30ea\u3001\u6771\u4eac\u306e\u5404\u62e0\u70b9\u3067\u7686\u69d8\u306e\u4e8b\u696d\u3092\u30b5\u30dd\u30fc\u30c8\u3044\u305f\u3057\u307e\u3059\u3002","og_url":"https:\/\/huette-legal.com\/ja\/","og_site_name":"H\u00fctte Rechtsanw\u00e4lte","article_modified_time":"2017-08-30T06:57:10+00:00","og_image":[{"width":3600,"height":2403,"url":"https:\/\/huette-legal.com\/wp-content\/uploads\/2017\/05\/home.jpg","type":"image\/jpeg"}],"twitter_card":"summary","schema":{"@context":"https:\/\/schema.org","@graph":[{"@type":"WebSite","@id":"https:\/\/huette-legal.com\/#website","url":"https:\/\/huette-legal.com\/","name":"H\u00fctte Rechtsanw\u00e4lte","description":"Partnerschaft mbB","potentialAction":[{"@type":"SearchAction","target":{"@type":"EntryPoint","urlTemplate":"https:\/\/huette-legal.com\/?s={search_term_string}"},"query-input":"required name=search_term_string"}],"inLanguage":"ja"},{"@type":"ImageObject","@id":"https:\/\/huette-legal.com\/ja\/#primaryimage","inLanguage":"ja","url":"https:\/\/huette-legal.com\/wp-content\/uploads\/2017\/05\/home.jpg","contentUrl":"https:\/\/huette-legal.com\/wp-content\/uploads\/2017\/05\/home.jpg","width":3600,"height":2403,"caption":"Tokio"},{"@type":"WebPage","@id":"https:\/\/huette-legal.com\/ja\/#webpage","url":"https:\/\/huette-legal.com\/ja\/","name":"Die Kanzlei H\u00fctte-Bohnstedt hei\u00dft jetzt H\u00dcTTE-Rechtsanw\u00e4lte","isPartOf":{"@id":"https:\/\/huette-legal.com\/#website"},"primaryImageOfPage":{"@id":"https:\/\/huette-legal.com\/ja\/#primaryimage"},"datePublished":"2017-05-12T08:34:56+00:00","dateModified":"2017-08-30T06:57:10+00:00","description":"\u30d5\u30e9\u30f3\u30af\u30d5\u30eb\u30c8\u3067\u5f01\u8b77\u58eb\u3068\u516c\u8a3c\u4eba\u3092\u304a\u63a2\u3057\u306a\u3089 \u30d2\u30e5\u30c3\u30c6\u6cd5\u5f8b\u4e8b\u52d9\u6240\u306f\u7d4c\u6e08\u6cd5\u304a\u3088\u3073\u4f1a\u793e\u6cd5\u306b\u7279\u5316\u3057\u305f\u6cd5\u5f8b\u4e8b\u52d9\u6240\u3067\u3059\u3002\u30d5\u30e9\u30f3\u30af\u30d5\u30eb\u30c8\u3001\u30c7\u30e5\u30c3\u30bb\u30eb\u30c9\u30eb\u30d5\u3001\u30d1\u30ea\u3001\u6771\u4eac\u306e\u5404\u62e0\u70b9\u3067\u7686\u69d8\u306e\u4e8b\u696d\u3092\u30b5\u30dd\u30fc\u30c8\u3044\u305f\u3057\u307e\u3059\u3002","breadcrumb":{"@id":"https:\/\/huette-legal.com\/ja\/#breadcrumb"},"inLanguage":"ja","potentialAction":[{"@type":"ReadAction","target":["https:\/\/huette-legal.com\/ja\/"]}]},{"@type":"BreadcrumbList","@id":"https:\/\/huette-legal.com\/ja\/#breadcrumb","itemListElement":[{"@type":"ListItem","position":1,"name":"Startseite","item":"https:\/\/huette-legal.com\/ja\/"},{"@type":"ListItem","position":2,"name":"Home"}]}]}},"_links":{"self":[{"href":"https:\/\/huette-legal.com\/ja\/wp-json\/wp\/v2\/pages\/265"}],"collection":[{"href":"https:\/\/huette-legal.com\/ja\/wp-json\/wp\/v2\/pages"}],"about":[{"href":"https:\/\/huette-legal.com\/ja\/wp-json\/wp\/v2\/types\/page"}],"author":[{"embeddable":true,"href":"https:\/\/huette-legal.com\/ja\/wp-json\/wp\/v2\/users\/2"}],"replies":[{"embeddable":true,"href":"https:\/\/huette-legal.com\/ja\/wp-json\/wp\/v2\/comments?post=265"}],"version-history":[{"count":3,"href":"https:\/\/huette-legal.com\/ja\/wp-json\/wp\/v2\/pages\/265\/revisions"}],"predecessor-version":[{"id":564,"href":"https:\/\/huette-legal.com\/ja\/wp-json\/wp\/v2\/pages\/265\/revisions\/564"}],"wp:featuredmedia":[{"embeddable":true,"href":"https:\/\/huette-legal.com\/ja\/wp-json\/wp\/v2\/media\/59"}],"wp:attachment":[{"href":"https:\/\/huette-legal.com\/ja\/wp-json\/wp\/v2\/media?parent=265"}],"curies":[{"name":"wp","href":"https:\/\/api.w.org\/{rel}","templated":true}]}}