{"id":279,"date":"2017-05-12T10:36:15","date_gmt":"2017-05-12T08:36:15","guid":{"rendered":"http:\/\/huette-legal.com\/ueber-uns\/"},"modified":"2017-07-27T14:32:59","modified_gmt":"2017-07-27T12:32:59","slug":"ueber-uns","status":"publish","type":"page","link":"https:\/\/huette-legal.com\/fr\/ueber-uns\/","title":{"rendered":"la soci\u00e9t\u00e9"},"content":{"rendered":"<p>Que vous soyez une entreprise individuelle, une soci\u00e9t\u00e9 cot\u00e9e en bourse ou un salari\u00e9 \u2013 nous nous chargeons de vos affaires.<\/p>\n","protected":false},"excerpt":{"rendered":"<p>Que vous soyez une entreprise individuelle, une soci\u00e9t\u00e9 cot\u00e9e en bourse ou un salari\u00e9 \u2013 nous nous chargeons de vos affaires.<\/p>\n","protected":false},"author":2,"featured_media":59,"parent":0,"menu_order":0,"comment_status":"closed","ping_status":"closed","template":"layouts\/about.php","meta":[],"acf":[],"yoast_head":"<!-- This site is optimized with the Yoast SEO plugin v17.6 - https:\/\/yoast.com\/wordpress\/plugins\/seo\/ -->\n<title>la soci\u00e9t\u00e9 - H\u00fctte Rechtsanw\u00e4lte<\/title>\n<meta name=\"description\" content=\"Pr\u00e9tention et portefeuille de services H\u00dcTTE Rechtsanw\u00e4lte est votre conseiller juridique sur le plan national et international. Domaines de sp\u00e9cialisation\u00a0: droit japonais, droit de l\u2019immobilier, droit du travail et droit des fusions et acquisitions (M&amp;A)\" \/>\n<meta name=\"robots\" content=\"index, follow, max-snippet:-1, max-image-preview:large, max-video-preview:-1\" \/>\n<link rel=\"canonical\" href=\"https:\/\/huette-legal.com\/fr\/ueber-uns\/\" \/>\n<meta property=\"og:locale\" content=\"fr_FR\" \/>\n<meta property=\"og:type\" content=\"article\" \/>\n<meta property=\"og:title\" content=\"la soci\u00e9t\u00e9 - H\u00fctte Rechtsanw\u00e4lte\" \/>\n<meta property=\"og:description\" content=\"Pr\u00e9tention et portefeuille de services H\u00dcTTE Rechtsanw\u00e4lte est votre conseiller juridique sur le plan national et international. Domaines de sp\u00e9cialisation\u00a0: droit japonais, droit de l\u2019immobilier, droit du travail et droit des fusions et acquisitions (M&amp;A)\" \/>\n<meta property=\"og:url\" content=\"https:\/\/huette-legal.com\/fr\/ueber-uns\/\" \/>\n<meta property=\"og:site_name\" content=\"H\u00fctte Rechtsanw\u00e4lte\" \/>\n<meta property=\"article:modified_time\" content=\"2017-07-27T12:32:59+00:00\" \/>\n<meta property=\"og:image\" content=\"https:\/\/huette-legal.com\/wp-content\/uploads\/2017\/05\/home.jpg\" \/>\n\t<meta property=\"og:image:width\" content=\"3600\" \/>\n\t<meta property=\"og:image:height\" content=\"2403\" \/>\n<meta name=\"twitter:card\" content=\"summary\" \/>\n<script type=\"application\/ld+json\" class=\"yoast-schema-graph\">{\"@context\":\"https:\/\/schema.org\",\"@graph\":[{\"@type\":\"WebSite\",\"@id\":\"https:\/\/huette-legal.com\/#website\",\"url\":\"https:\/\/huette-legal.com\/\",\"name\":\"H\\u00fctte Rechtsanw\\u00e4lte\",\"description\":\"Partnerschaft mbB\",\"potentialAction\":[{\"@type\":\"SearchAction\",\"target\":{\"@type\":\"EntryPoint\",\"urlTemplate\":\"https:\/\/huette-legal.com\/?s={search_term_string}\"},\"query-input\":\"required name=search_term_string\"}],\"inLanguage\":\"fr-FR\"},{\"@type\":\"ImageObject\",\"@id\":\"https:\/\/huette-legal.com\/fr\/ueber-uns\/#primaryimage\",\"inLanguage\":\"fr-FR\",\"url\":\"https:\/\/huette-legal.com\/wp-content\/uploads\/2017\/05\/home.jpg\",\"contentUrl\":\"https:\/\/huette-legal.com\/wp-content\/uploads\/2017\/05\/home.jpg\",\"width\":3600,\"height\":2403,\"caption\":\"Tokio\"},{\"@type\":\"WebPage\",\"@id\":\"https:\/\/huette-legal.com\/fr\/ueber-uns\/#webpage\",\"url\":\"https:\/\/huette-legal.com\/fr\/ueber-uns\/\",\"name\":\"la soci\\u00e9t\\u00e9 - H\\u00fctte Rechtsanw\\u00e4lte\",\"isPartOf\":{\"@id\":\"https:\/\/huette-legal.com\/#website\"},\"primaryImageOfPage\":{\"@id\":\"https:\/\/huette-legal.com\/fr\/ueber-uns\/#primaryimage\"},\"datePublished\":\"2017-05-12T08:36:15+00:00\",\"dateModified\":\"2017-07-27T12:32:59+00:00\",\"description\":\"Pr\\u00e9tention et portefeuille de services H\\u00dcTTE Rechtsanw\\u00e4lte est votre conseiller juridique sur le plan national et international. Domaines de sp\\u00e9cialisation\\u00a0: droit japonais, droit de l\\u2019immobilier, droit du travail et droit des fusions et acquisitions (M&A)\",\"breadcrumb\":{\"@id\":\"https:\/\/huette-legal.com\/fr\/ueber-uns\/#breadcrumb\"},\"inLanguage\":\"fr-FR\",\"potentialAction\":[{\"@type\":\"ReadAction\",\"target\":[\"https:\/\/huette-legal.com\/fr\/ueber-uns\/\"]}]},{\"@type\":\"BreadcrumbList\",\"@id\":\"https:\/\/huette-legal.com\/fr\/ueber-uns\/#breadcrumb\",\"itemListElement\":[{\"@type\":\"ListItem\",\"position\":1,\"name\":\"Startseite\",\"item\":\"https:\/\/huette-legal.com\/fr\/\"},{\"@type\":\"ListItem\",\"position\":2,\"name\":\"la soci\\u00e9t\\u00e9\"}]}]}<\/script>\n<!-- \/ Yoast SEO plugin. -->","yoast_head_json":{"title":"la soci\u00e9t\u00e9 - H\u00fctte Rechtsanw\u00e4lte","description":"Pr\u00e9tention et portefeuille de services H\u00dcTTE Rechtsanw\u00e4lte est votre conseiller juridique sur le plan national et international. Domaines de sp\u00e9cialisation\u00a0: droit japonais, droit de l\u2019immobilier, droit du travail et droit des fusions et acquisitions (M&A)","robots":{"index":"index","follow":"follow","max-snippet":"max-snippet:-1","max-image-preview":"max-image-preview:large","max-video-preview":"max-video-preview:-1"},"canonical":"https:\/\/huette-legal.com\/fr\/ueber-uns\/","og_locale":"fr_FR","og_type":"article","og_title":"la soci\u00e9t\u00e9 - H\u00fctte Rechtsanw\u00e4lte","og_description":"Pr\u00e9tention et portefeuille de services H\u00dcTTE Rechtsanw\u00e4lte est votre conseiller juridique sur le plan national et international. Domaines de sp\u00e9cialisation\u00a0: droit japonais, droit de l\u2019immobilier, droit du travail et droit des fusions et acquisitions (M&A)","og_url":"https:\/\/huette-legal.com\/fr\/ueber-uns\/","og_site_name":"H\u00fctte Rechtsanw\u00e4lte","article_modified_time":"2017-07-27T12:32:59+00:00","og_image":[{"width":3600,"height":2403,"url":"https:\/\/huette-legal.com\/wp-content\/uploads\/2017\/05\/home.jpg","type":"image\/jpeg"}],"twitter_card":"summary","schema":{"@context":"https:\/\/schema.org","@graph":[{"@type":"WebSite","@id":"https:\/\/huette-legal.com\/#website","url":"https:\/\/huette-legal.com\/","name":"H\u00fctte Rechtsanw\u00e4lte","description":"Partnerschaft mbB","potentialAction":[{"@type":"SearchAction","target":{"@type":"EntryPoint","urlTemplate":"https:\/\/huette-legal.com\/?s={search_term_string}"},"query-input":"required name=search_term_string"}],"inLanguage":"fr-FR"},{"@type":"ImageObject","@id":"https:\/\/huette-legal.com\/fr\/ueber-uns\/#primaryimage","inLanguage":"fr-FR","url":"https:\/\/huette-legal.com\/wp-content\/uploads\/2017\/05\/home.jpg","contentUrl":"https:\/\/huette-legal.com\/wp-content\/uploads\/2017\/05\/home.jpg","width":3600,"height":2403,"caption":"Tokio"},{"@type":"WebPage","@id":"https:\/\/huette-legal.com\/fr\/ueber-uns\/#webpage","url":"https:\/\/huette-legal.com\/fr\/ueber-uns\/","name":"la soci\u00e9t\u00e9 - H\u00fctte Rechtsanw\u00e4lte","isPartOf":{"@id":"https:\/\/huette-legal.com\/#website"},"primaryImageOfPage":{"@id":"https:\/\/huette-legal.com\/fr\/ueber-uns\/#primaryimage"},"datePublished":"2017-05-12T08:36:15+00:00","dateModified":"2017-07-27T12:32:59+00:00","description":"Pr\u00e9tention et portefeuille de services H\u00dcTTE Rechtsanw\u00e4lte est votre conseiller juridique sur le plan national et international. Domaines de sp\u00e9cialisation\u00a0: droit japonais, droit de l\u2019immobilier, droit du travail et droit des fusions et acquisitions (M&A)","breadcrumb":{"@id":"https:\/\/huette-legal.com\/fr\/ueber-uns\/#breadcrumb"},"inLanguage":"fr-FR","potentialAction":[{"@type":"ReadAction","target":["https:\/\/huette-legal.com\/fr\/ueber-uns\/"]}]},{"@type":"BreadcrumbList","@id":"https:\/\/huette-legal.com\/fr\/ueber-uns\/#breadcrumb","itemListElement":[{"@type":"ListItem","position":1,"name":"Startseite","item":"https:\/\/huette-legal.com\/fr\/"},{"@type":"ListItem","position":2,"name":"la soci\u00e9t\u00e9"}]}]}},"_links":{"self":[{"href":"https:\/\/huette-legal.com\/fr\/wp-json\/wp\/v2\/pages\/279"}],"collection":[{"href":"https:\/\/huette-legal.com\/fr\/wp-json\/wp\/v2\/pages"}],"about":[{"href":"https:\/\/huette-legal.com\/fr\/wp-json\/wp\/v2\/types\/page"}],"author":[{"embeddable":true,"href":"https:\/\/huette-legal.com\/fr\/wp-json\/wp\/v2\/users\/2"}],"replies":[{"embeddable":true,"href":"https:\/\/huette-legal.com\/fr\/wp-json\/wp\/v2\/comments?post=279"}],"version-history":[{"count":5,"href":"https:\/\/huette-legal.com\/fr\/wp-json\/wp\/v2\/pages\/279\/revisions"}],"predecessor-version":[{"id":561,"href":"https:\/\/huette-legal.com\/fr\/wp-json\/wp\/v2\/pages\/279\/revisions\/561"}],"wp:featuredmedia":[{"embeddable":true,"href":"https:\/\/huette-legal.com\/fr\/wp-json\/wp\/v2\/media\/59"}],"wp:attachment":[{"href":"https:\/\/huette-legal.com\/fr\/wp-json\/wp\/v2\/media?parent=279"}],"curies":[{"name":"wp","href":"https:\/\/api.w.org\/{rel}","templated":true}]}}