{"id":264,"date":"2017-05-12T10:34:56","date_gmt":"2017-05-12T08:34:56","guid":{"rendered":"http:\/\/huette-legal.com\/home\/"},"modified":"2017-06-23T13:43:29","modified_gmt":"2017-06-23T11:43:29","slug":"home","status":"publish","type":"page","link":"https:\/\/huette-legal.com\/fr\/","title":{"rendered":"Home"},"content":{"rendered":"<h1>Nous sommes votre partenaire lorsque vous avez besoin d\u2019un conseil juridique.<\/h1>\n<h2>Droit du commerce et des affaires<br \/>\nDroit du travail et des soci\u00e9t\u00e9s<br \/>\nDroit international<\/h2>\n<p>&nbsp;<\/p>\n","protected":false},"excerpt":{"rendered":"<p>Nous sommes votre partenaire lorsque vous avez besoin d\u2019un conseil juridique. Droit du commerce et des affaires Droit du travail et des soci\u00e9t\u00e9s Droit international &nbsp;<\/p>\n","protected":false},"author":2,"featured_media":59,"parent":0,"menu_order":0,"comment_status":"closed","ping_status":"closed","template":"front-page.php","meta":[],"acf":[],"yoast_head":"<!-- This site is optimized with the Yoast SEO plugin v17.6 - https:\/\/yoast.com\/wordpress\/plugins\/seo\/ -->\n<title>Die Kanzlei H\u00fctte-Bohnstedt hei\u00dft jetzt H\u00dcTTE-Rechtsanw\u00e4lte<\/title>\n<meta name=\"description\" content=\"Votre Avocat et notaire \u00e0 Francfort Le Cabinet d\u2019avocats H\u00dcTTE Rechtsanw\u00e4lte est sp\u00e9cialis\u00e9 dans le domaine du droit des affaires et des soci\u00e9t\u00e9s \u2013 avec des bureaux bas\u00e9s \u00e0 Francfort, D\u00fcsseldorf, Paris et Tokyo.\" \/>\n<meta name=\"robots\" content=\"index, follow, max-snippet:-1, max-image-preview:large, max-video-preview:-1\" \/>\n<link rel=\"canonical\" href=\"https:\/\/huette-legal.com\/fr\/\" \/>\n<meta property=\"og:locale\" content=\"fr_FR\" \/>\n<meta property=\"og:type\" content=\"article\" \/>\n<meta property=\"og:title\" content=\"Die Kanzlei H\u00fctte-Bohnstedt hei\u00dft jetzt H\u00dcTTE-Rechtsanw\u00e4lte\" \/>\n<meta property=\"og:description\" content=\"Votre Avocat et notaire \u00e0 Francfort Le Cabinet d\u2019avocats H\u00dcTTE Rechtsanw\u00e4lte est sp\u00e9cialis\u00e9 dans le domaine du droit des affaires et des soci\u00e9t\u00e9s \u2013 avec des bureaux bas\u00e9s \u00e0 Francfort, D\u00fcsseldorf, Paris et Tokyo.\" \/>\n<meta property=\"og:url\" content=\"https:\/\/huette-legal.com\/fr\/\" \/>\n<meta property=\"og:site_name\" content=\"H\u00fctte Rechtsanw\u00e4lte\" \/>\n<meta property=\"article:modified_time\" content=\"2017-06-23T11:43:29+00:00\" \/>\n<meta property=\"og:image\" content=\"https:\/\/huette-legal.com\/wp-content\/uploads\/2017\/05\/home.jpg\" \/>\n\t<meta property=\"og:image:width\" content=\"3600\" \/>\n\t<meta property=\"og:image:height\" content=\"2403\" \/>\n<meta name=\"twitter:card\" content=\"summary\" \/>\n<script type=\"application\/ld+json\" class=\"yoast-schema-graph\">{\"@context\":\"https:\/\/schema.org\",\"@graph\":[{\"@type\":\"WebSite\",\"@id\":\"https:\/\/huette-legal.com\/#website\",\"url\":\"https:\/\/huette-legal.com\/\",\"name\":\"H\\u00fctte Rechtsanw\\u00e4lte\",\"description\":\"Partnerschaft mbB\",\"potentialAction\":[{\"@type\":\"SearchAction\",\"target\":{\"@type\":\"EntryPoint\",\"urlTemplate\":\"https:\/\/huette-legal.com\/?s={search_term_string}\"},\"query-input\":\"required name=search_term_string\"}],\"inLanguage\":\"fr-FR\"},{\"@type\":\"ImageObject\",\"@id\":\"https:\/\/huette-legal.com\/fr\/#primaryimage\",\"inLanguage\":\"fr-FR\",\"url\":\"https:\/\/huette-legal.com\/wp-content\/uploads\/2017\/05\/home.jpg\",\"contentUrl\":\"https:\/\/huette-legal.com\/wp-content\/uploads\/2017\/05\/home.jpg\",\"width\":3600,\"height\":2403,\"caption\":\"Tokio\"},{\"@type\":\"WebPage\",\"@id\":\"https:\/\/huette-legal.com\/fr\/#webpage\",\"url\":\"https:\/\/huette-legal.com\/fr\/\",\"name\":\"Die Kanzlei H\\u00fctte-Bohnstedt hei\\u00dft jetzt H\\u00dcTTE-Rechtsanw\\u00e4lte\",\"isPartOf\":{\"@id\":\"https:\/\/huette-legal.com\/#website\"},\"primaryImageOfPage\":{\"@id\":\"https:\/\/huette-legal.com\/fr\/#primaryimage\"},\"datePublished\":\"2017-05-12T08:34:56+00:00\",\"dateModified\":\"2017-06-23T11:43:29+00:00\",\"description\":\"Votre Avocat et notaire \\u00e0 Francfort Le Cabinet d\\u2019avocats H\\u00dcTTE Rechtsanw\\u00e4lte est sp\\u00e9cialis\\u00e9 dans le domaine du droit des affaires et des soci\\u00e9t\\u00e9s \\u2013 avec des bureaux bas\\u00e9s \\u00e0 Francfort, D\\u00fcsseldorf, Paris et Tokyo.\",\"breadcrumb\":{\"@id\":\"https:\/\/huette-legal.com\/fr\/#breadcrumb\"},\"inLanguage\":\"fr-FR\",\"potentialAction\":[{\"@type\":\"ReadAction\",\"target\":[\"https:\/\/huette-legal.com\/fr\/\"]}]},{\"@type\":\"BreadcrumbList\",\"@id\":\"https:\/\/huette-legal.com\/fr\/#breadcrumb\",\"itemListElement\":[{\"@type\":\"ListItem\",\"position\":1,\"name\":\"Startseite\",\"item\":\"https:\/\/huette-legal.com\/fr\/\"},{\"@type\":\"ListItem\",\"position\":2,\"name\":\"Home\"}]}]}<\/script>\n<!-- \/ Yoast SEO plugin. -->","yoast_head_json":{"title":"Die Kanzlei H\u00fctte-Bohnstedt hei\u00dft jetzt H\u00dcTTE-Rechtsanw\u00e4lte","description":"Votre Avocat et notaire \u00e0 Francfort Le Cabinet d\u2019avocats H\u00dcTTE Rechtsanw\u00e4lte est sp\u00e9cialis\u00e9 dans le domaine du droit des affaires et des soci\u00e9t\u00e9s \u2013 avec des bureaux bas\u00e9s \u00e0 Francfort, D\u00fcsseldorf, Paris et Tokyo.","robots":{"index":"index","follow":"follow","max-snippet":"max-snippet:-1","max-image-preview":"max-image-preview:large","max-video-preview":"max-video-preview:-1"},"canonical":"https:\/\/huette-legal.com\/fr\/","og_locale":"fr_FR","og_type":"article","og_title":"Die Kanzlei H\u00fctte-Bohnstedt hei\u00dft jetzt H\u00dcTTE-Rechtsanw\u00e4lte","og_description":"Votre Avocat et notaire \u00e0 Francfort Le Cabinet d\u2019avocats H\u00dcTTE Rechtsanw\u00e4lte est sp\u00e9cialis\u00e9 dans le domaine du droit des affaires et des soci\u00e9t\u00e9s \u2013 avec des bureaux bas\u00e9s \u00e0 Francfort, D\u00fcsseldorf, Paris et Tokyo.","og_url":"https:\/\/huette-legal.com\/fr\/","og_site_name":"H\u00fctte Rechtsanw\u00e4lte","article_modified_time":"2017-06-23T11:43:29+00:00","og_image":[{"width":3600,"height":2403,"url":"https:\/\/huette-legal.com\/wp-content\/uploads\/2017\/05\/home.jpg","type":"image\/jpeg"}],"twitter_card":"summary","schema":{"@context":"https:\/\/schema.org","@graph":[{"@type":"WebSite","@id":"https:\/\/huette-legal.com\/#website","url":"https:\/\/huette-legal.com\/","name":"H\u00fctte Rechtsanw\u00e4lte","description":"Partnerschaft mbB","potentialAction":[{"@type":"SearchAction","target":{"@type":"EntryPoint","urlTemplate":"https:\/\/huette-legal.com\/?s={search_term_string}"},"query-input":"required name=search_term_string"}],"inLanguage":"fr-FR"},{"@type":"ImageObject","@id":"https:\/\/huette-legal.com\/fr\/#primaryimage","inLanguage":"fr-FR","url":"https:\/\/huette-legal.com\/wp-content\/uploads\/2017\/05\/home.jpg","contentUrl":"https:\/\/huette-legal.com\/wp-content\/uploads\/2017\/05\/home.jpg","width":3600,"height":2403,"caption":"Tokio"},{"@type":"WebPage","@id":"https:\/\/huette-legal.com\/fr\/#webpage","url":"https:\/\/huette-legal.com\/fr\/","name":"Die Kanzlei H\u00fctte-Bohnstedt hei\u00dft jetzt H\u00dcTTE-Rechtsanw\u00e4lte","isPartOf":{"@id":"https:\/\/huette-legal.com\/#website"},"primaryImageOfPage":{"@id":"https:\/\/huette-legal.com\/fr\/#primaryimage"},"datePublished":"2017-05-12T08:34:56+00:00","dateModified":"2017-06-23T11:43:29+00:00","description":"Votre Avocat et notaire \u00e0 Francfort Le Cabinet d\u2019avocats H\u00dcTTE Rechtsanw\u00e4lte est sp\u00e9cialis\u00e9 dans le domaine du droit des affaires et des soci\u00e9t\u00e9s \u2013 avec des bureaux bas\u00e9s \u00e0 Francfort, D\u00fcsseldorf, Paris et Tokyo.","breadcrumb":{"@id":"https:\/\/huette-legal.com\/fr\/#breadcrumb"},"inLanguage":"fr-FR","potentialAction":[{"@type":"ReadAction","target":["https:\/\/huette-legal.com\/fr\/"]}]},{"@type":"BreadcrumbList","@id":"https:\/\/huette-legal.com\/fr\/#breadcrumb","itemListElement":[{"@type":"ListItem","position":1,"name":"Startseite","item":"https:\/\/huette-legal.com\/fr\/"},{"@type":"ListItem","position":2,"name":"Home"}]}]}},"_links":{"self":[{"href":"https:\/\/huette-legal.com\/fr\/wp-json\/wp\/v2\/pages\/264"}],"collection":[{"href":"https:\/\/huette-legal.com\/fr\/wp-json\/wp\/v2\/pages"}],"about":[{"href":"https:\/\/huette-legal.com\/fr\/wp-json\/wp\/v2\/types\/page"}],"author":[{"embeddable":true,"href":"https:\/\/huette-legal.com\/fr\/wp-json\/wp\/v2\/users\/2"}],"replies":[{"embeddable":true,"href":"https:\/\/huette-legal.com\/fr\/wp-json\/wp\/v2\/comments?post=264"}],"version-history":[{"count":4,"href":"https:\/\/huette-legal.com\/fr\/wp-json\/wp\/v2\/pages\/264\/revisions"}],"predecessor-version":[{"id":560,"href":"https:\/\/huette-legal.com\/fr\/wp-json\/wp\/v2\/pages\/264\/revisions\/560"}],"wp:featuredmedia":[{"embeddable":true,"href":"https:\/\/huette-legal.com\/fr\/wp-json\/wp\/v2\/media\/59"}],"wp:attachment":[{"href":"https:\/\/huette-legal.com\/fr\/wp-json\/wp\/v2\/media?parent=264"}],"curies":[{"name":"wp","href":"https:\/\/api.w.org\/{rel}","templated":true}]}}