{"id":261,"date":"2017-05-12T10:37:05","date_gmt":"2017-05-12T08:37:05","guid":{"rendered":"http:\/\/huette-legal.com\/datenschutz\/"},"modified":"2017-06-26T18:18:19","modified_gmt":"2017-06-26T16:18:19","slug":"datenschutz","status":"publish","type":"page","link":"https:\/\/huette-legal.com\/fr\/datenschutz\/","title":{"rendered":"Protection des donn\u00e9es"},"content":{"rendered":"<h3>Collecte de donn\u00e9es et stockage de donn\u00e9es<\/h3>\n<p>Le transfert de donn\u00e9es sur internet (par exemple communication par courriel) peut entra\u00eener des failles de s\u00e9curit\u00e9 et ne peut \u00eatre prot\u00e9g\u00e9 avec certitude de l\u2019acc\u00e8s aux donn\u00e9es par des tiers.<br \/>\nL\u2019utilisation des coordonn\u00e9es de l\u2019impressum et de toutes les coordonn\u00e9es de nos partenaires \u00e0 des fins publicitaires n\u2019est pas autoris\u00e9e, si aucune autorisation n\u2019a \u00e9t\u00e9 demand\u00e9e auparavant, ou si aucune relation d\u2019affaires n\u2019existe. H\u00dcTTE Rechtsanw\u00e4lte et toutes les personnes nomm\u00e9es sur son site internet contestent toute utilisation et transmission commerciale de leur coordonn\u00e9e.<\/p>\n<p><strong>Donn\u00e9es personnelles<\/strong><br \/>\nLe site internet peut \u00eatre consult\u00e9 sans mentions de donn\u00e9es personnelles. Nous avons recueilli sur nos pages internet (par exemple\u00a0: formulaire de contact), apr\u00e8s avoir obtenu votre accord qui est facultatif, des donn\u00e9es personnelles (nom, adresse ou adresse courriel). Ces donn\u00e9es ne peuvent \u00eatre transmises \u00e0 des tiers qu\u2019avec votre autorisation explicite. Si entre H\u00dcTTE Rechtsanw\u00e4lte et vous-m\u00eame une relation contractuelle existe, ou si vous la demandez, vos donn\u00e9es personnelles (donn\u00e9es stock\u00e9es) ne pourront \u00eatre utilis\u00e9es que dans ce contexte-l\u00e0. Toutes les donn\u00e9es personnelles seront conserv\u00e9es aussi longtemps qu\u2019il le faudra dans le seul but de les utiliser \u00e0 des fins utiles tels que par exemple le traitement d\u2019une demande.<\/p>\n<p><strong>Utilisation de de Cookies<\/strong><br \/>\nDes soi-disant cookies sont souvent utilis\u00e9s sur les pages internet afin de facilit\u00e9 la prochaine recherche sur internet et d\u2019y surfer plus confortablement (par exemple\u00a0: identification d\u2019une configuration). Les cookies sont des petites donn\u00e9es sous forme de texte, que le logiciel de navigation m\u00e9morise. La plupart des cookies (session de cookies) seront automatiquement supprim\u00e9s apr\u00e8s votre visite sur le site. D\u2019autres seront m\u00e9moris\u00e9s jusqu\u2019\u00e0 ce que vous les supprimiez vous-m\u00eame. La plupart des logiciels de navigation sont configur\u00e9s de fa\u00e7on \u00e0 ce qu\u2019ils acceptent automatiquement les cookies. Vous pouvez d\u00e9sactiver la sauvegarde de cookies dans la configuration de votre logiciel de navigation.<\/p>\n<p><strong>Droit d\u2019acc\u00e8s aux donn\u00e9es et r\u00e9vocation<\/strong><br \/>\nA tous moments, vous pouvez vous informer sur les donn\u00e9es pr\u00e9lev\u00e9es et r\u00e9voquer votre consentement sur l\u2019utilisation de vos donn\u00e9es personnelles. Afin d\u2019obtenir que les renseignements vous soient communiqu\u00e9s, veuillez contacter H\u00dcTTE Rechtsanw\u00e4lte (adresse dans l\u2019impressum)<\/p>\n<p><strong>En ce qui nous concerne<\/strong><br \/>\nCeci est la d\u00e9claration de confidentialit\u00e9 du Cabinet H\u00dcTTE Rechtsanw\u00e4lte (Schaumainkai 69, Francfort sur le Main). Elle ne concerne que le contenu de notre site internet et ne comprend pas les liens r\u00e9f\u00e9rant \u00e0 d\u2019autres prestataires, se trouvant sur notre site. Pour toute autre information, veuillez nous contacter aux coordonn\u00e9es indiqu\u00e9es dans l\u2019Impressum.<\/p>\n<p><strong>R\u00e9vocation de courriels publicitaires\u00a0:<\/strong> Par la pr\u00e9sente, nous r\u00e9voquons l\u2019utilisation des coordonn\u00e9es indiqu\u00e9es dans l\u2019impressum pour l\u2019envoi non autoris\u00e9 d\u2019informations publicitaires. Si toutefois c\u2019\u00e9tait le cas, l\u2019exploitant du site se r\u00e9serve le droit d\u2019entamer des mesures juridiques.<\/p>\n<p>&nbsp;<\/p>\n","protected":false},"excerpt":{"rendered":"<p>Collecte de donn\u00e9es et stockage de donn\u00e9es Le transfert de donn\u00e9es sur internet (par exemple communication par courriel) peut entra\u00eener des failles de s\u00e9curit\u00e9 et ne peut \u00eatre prot\u00e9g\u00e9 avec certitude de l\u2019acc\u00e8s aux donn\u00e9es par des tiers. L\u2019utilisation des coordonn\u00e9es de l\u2019impressum et de toutes les coordonn\u00e9es de nos partenaires \u00e0 des fins publicitaires [&hellip;]<\/p>\n","protected":false},"author":2,"featured_media":0,"parent":0,"menu_order":0,"comment_status":"closed","ping_status":"closed","template":"","meta":[],"acf":[],"yoast_head":"<!-- This site is optimized with the Yoast SEO plugin v17.6 - https:\/\/yoast.com\/wordpress\/plugins\/seo\/ -->\n<title>Protection des donn\u00e9es - H\u00fctte Rechtsanw\u00e4lte<\/title>\n<meta name=\"robots\" content=\"noindex, follow\" \/>\n<meta property=\"og:locale\" content=\"fr_FR\" \/>\n<meta property=\"og:type\" content=\"article\" \/>\n<meta property=\"og:title\" content=\"Protection des donn\u00e9es - H\u00fctte Rechtsanw\u00e4lte\" \/>\n<meta property=\"og:description\" content=\"Collecte de donn\u00e9es et stockage de donn\u00e9es Le transfert de donn\u00e9es sur internet (par exemple communication par courriel) peut entra\u00eener des failles de s\u00e9curit\u00e9 et ne peut \u00eatre prot\u00e9g\u00e9 avec certitude de l\u2019acc\u00e8s aux donn\u00e9es par des tiers. L\u2019utilisation des coordonn\u00e9es de l\u2019impressum et de toutes les coordonn\u00e9es de nos partenaires \u00e0 des fins publicitaires [&hellip;]\" \/>\n<meta property=\"og:url\" content=\"https:\/\/huette-legal.com\/fr\/datenschutz\/\" \/>\n<meta property=\"og:site_name\" content=\"H\u00fctte Rechtsanw\u00e4lte\" \/>\n<meta property=\"article:modified_time\" content=\"2017-06-26T16:18:19+00:00\" \/>\n<meta name=\"twitter:card\" content=\"summary\" \/>\n<meta name=\"twitter:label1\" content=\"Dur\u00e9e de lecture estim\u00e9e\" \/>\n\t<meta name=\"twitter:data1\" content=\"3 minutes\" \/>\n<script type=\"application\/ld+json\" class=\"yoast-schema-graph\">{\"@context\":\"https:\/\/schema.org\",\"@graph\":[{\"@type\":\"WebSite\",\"@id\":\"https:\/\/huette-legal.com\/#website\",\"url\":\"https:\/\/huette-legal.com\/\",\"name\":\"H\\u00fctte Rechtsanw\\u00e4lte\",\"description\":\"Partnerschaft mbB\",\"potentialAction\":[{\"@type\":\"SearchAction\",\"target\":{\"@type\":\"EntryPoint\",\"urlTemplate\":\"https:\/\/huette-legal.com\/?s={search_term_string}\"},\"query-input\":\"required name=search_term_string\"}],\"inLanguage\":\"fr-FR\"},{\"@type\":\"WebPage\",\"@id\":\"https:\/\/huette-legal.com\/fr\/datenschutz\/#webpage\",\"url\":\"https:\/\/huette-legal.com\/fr\/datenschutz\/\",\"name\":\"Protection des donn\\u00e9es - H\\u00fctte Rechtsanw\\u00e4lte\",\"isPartOf\":{\"@id\":\"https:\/\/huette-legal.com\/#website\"},\"datePublished\":\"2017-05-12T08:37:05+00:00\",\"dateModified\":\"2017-06-26T16:18:19+00:00\",\"breadcrumb\":{\"@id\":\"https:\/\/huette-legal.com\/fr\/datenschutz\/#breadcrumb\"},\"inLanguage\":\"fr-FR\",\"potentialAction\":[{\"@type\":\"ReadAction\",\"target\":[\"https:\/\/huette-legal.com\/fr\/datenschutz\/\"]}]},{\"@type\":\"BreadcrumbList\",\"@id\":\"https:\/\/huette-legal.com\/fr\/datenschutz\/#breadcrumb\",\"itemListElement\":[{\"@type\":\"ListItem\",\"position\":1,\"name\":\"Startseite\",\"item\":\"https:\/\/huette-legal.com\/fr\/\"},{\"@type\":\"ListItem\",\"position\":2,\"name\":\"Protection des donn\\u00e9es\"}]}]}<\/script>\n<!-- \/ Yoast SEO plugin. -->","yoast_head_json":{"title":"Protection des donn\u00e9es - H\u00fctte Rechtsanw\u00e4lte","robots":{"index":"noindex","follow":"follow"},"og_locale":"fr_FR","og_type":"article","og_title":"Protection des donn\u00e9es - H\u00fctte Rechtsanw\u00e4lte","og_description":"Collecte de donn\u00e9es et stockage de donn\u00e9es Le transfert de donn\u00e9es sur internet (par exemple communication par courriel) peut entra\u00eener des failles de s\u00e9curit\u00e9 et ne peut \u00eatre prot\u00e9g\u00e9 avec certitude de l\u2019acc\u00e8s aux donn\u00e9es par des tiers. L\u2019utilisation des coordonn\u00e9es de l\u2019impressum et de toutes les coordonn\u00e9es de nos partenaires \u00e0 des fins publicitaires [&hellip;]","og_url":"https:\/\/huette-legal.com\/fr\/datenschutz\/","og_site_name":"H\u00fctte Rechtsanw\u00e4lte","article_modified_time":"2017-06-26T16:18:19+00:00","twitter_card":"summary","twitter_misc":{"Dur\u00e9e de lecture estim\u00e9e":"3 minutes"},"schema":{"@context":"https:\/\/schema.org","@graph":[{"@type":"WebSite","@id":"https:\/\/huette-legal.com\/#website","url":"https:\/\/huette-legal.com\/","name":"H\u00fctte Rechtsanw\u00e4lte","description":"Partnerschaft mbB","potentialAction":[{"@type":"SearchAction","target":{"@type":"EntryPoint","urlTemplate":"https:\/\/huette-legal.com\/?s={search_term_string}"},"query-input":"required name=search_term_string"}],"inLanguage":"fr-FR"},{"@type":"WebPage","@id":"https:\/\/huette-legal.com\/fr\/datenschutz\/#webpage","url":"https:\/\/huette-legal.com\/fr\/datenschutz\/","name":"Protection des donn\u00e9es - H\u00fctte Rechtsanw\u00e4lte","isPartOf":{"@id":"https:\/\/huette-legal.com\/#website"},"datePublished":"2017-05-12T08:37:05+00:00","dateModified":"2017-06-26T16:18:19+00:00","breadcrumb":{"@id":"https:\/\/huette-legal.com\/fr\/datenschutz\/#breadcrumb"},"inLanguage":"fr-FR","potentialAction":[{"@type":"ReadAction","target":["https:\/\/huette-legal.com\/fr\/datenschutz\/"]}]},{"@type":"BreadcrumbList","@id":"https:\/\/huette-legal.com\/fr\/datenschutz\/#breadcrumb","itemListElement":[{"@type":"ListItem","position":1,"name":"Startseite","item":"https:\/\/huette-legal.com\/fr\/"},{"@type":"ListItem","position":2,"name":"Protection des donn\u00e9es"}]}]}},"_links":{"self":[{"href":"https:\/\/huette-legal.com\/fr\/wp-json\/wp\/v2\/pages\/261"}],"collection":[{"href":"https:\/\/huette-legal.com\/fr\/wp-json\/wp\/v2\/pages"}],"about":[{"href":"https:\/\/huette-legal.com\/fr\/wp-json\/wp\/v2\/types\/page"}],"author":[{"embeddable":true,"href":"https:\/\/huette-legal.com\/fr\/wp-json\/wp\/v2\/users\/2"}],"replies":[{"embeddable":true,"href":"https:\/\/huette-legal.com\/fr\/wp-json\/wp\/v2\/comments?post=261"}],"version-history":[{"count":3,"href":"https:\/\/huette-legal.com\/fr\/wp-json\/wp\/v2\/pages\/261\/revisions"}],"predecessor-version":[{"id":390,"href":"https:\/\/huette-legal.com\/fr\/wp-json\/wp\/v2\/pages\/261\/revisions\/390"}],"wp:attachment":[{"href":"https:\/\/huette-legal.com\/fr\/wp-json\/wp\/v2\/media?parent=261"}],"curies":[{"name":"wp","href":"https:\/\/api.w.org\/{rel}","templated":true}]}}