{"id":211,"date":"2017-06-13T11:01:39","date_gmt":"2017-06-13T09:01:39","guid":{"rendered":"http:\/\/huette-legal.com\/?page_id=211"},"modified":"2019-10-26T11:09:16","modified_gmt":"2019-10-26T09:09:16","slug":"privacy","status":"publish","type":"page","link":"https:\/\/huette-legal.com\/en\/privacy\/","title":{"rendered":"Privacy"},"content":{"rendered":"<h3>Privacy policy<\/h3>\n<p>&nbsp;<\/p>\n<h3>1.1 Responsible office<\/h3>\n<p>H\u00fctte Rechtsanw\u00e4lte Partnerschaft mbB<\/p>\n<p>Bethmannstra\u00dfe 8<\/p>\n<p>60311 Frankfurt<\/p>\n<p>Telefon: +49-69-246561242<\/p>\n<p>email: contact@huette-legal.com<\/p>\n<p>&nbsp;<\/p>\n<h3><span lang=\"EN-US\">1.2 Responsible data protection supervisory authority<\/span><\/h3>\n<p>Der Hessische Datenschutzbeauftragte<br \/>\nPostfach 31 63<br \/>\n65021 Wiesbaden<\/p>\n<p>Gustav-Stresemann-Ring 1<br \/>\n65189 Wiesbaden<\/p>\n<p>Tel. 0611\/1408-0<br \/>\nFax 0611\/1408-900 oder -901<br \/>\n<a href=\"https:\/\/www.datenschutz.hessen.de\/\">https:\/\/www.datenschutz.hessen.de<\/a><\/p>\n<p>&nbsp;<\/p>\n<p>&nbsp;<\/p>\n<h2><span lang=\"EN-US\">2 Data protection declaration <\/span><\/h2>\n<p><span lang=\"EN-US\">Thank you for your interest in our internet presence. The protection and safety of your personal data is very important to us. At this point, we would like to inform you about the data protection in our company. Of course, we observe the legal provisions of the EU-Data Protection Regulation (EU-GDPR), the Federal Data Protection Act (BDSG), the Telemedia Act (TMG) and other data protection regulations.<\/span><\/p>\n<p>&nbsp;<\/p>\n<h3><span lang=\"EN-US\">2.1.1 Designation and purpose of data processing<\/span><\/h3>\n<p><span lang=\"EN-US\">Data collection, processing and use within the scope of the internet presence of H\u00fctte Rechtsanw\u00e4lte Partnerschaft mbB (H\u00dcTTE) does not take place.<\/span><\/p>\n<p>&nbsp;<\/p>\n<h3><span lang=\"EN-US\">2.1.2 Recipients to whom the data can be communicated<\/span><\/h3>\n<p><span lang=\"EN-US\">The website is operated on servers of the web host &#8220;all-inkl.com&#8221;. The content of the website is maintained exclusively by H\u00dcTTE. There will be no analysis of user behavior performed by an analysis tool.<\/span><\/p>\n<p>&nbsp;<\/p>\n<h3><span lang=\"EN-US\">2.1.3 Extinction periods<\/span><\/h3>\n<p><span lang=\"EN-US\">After expiry of the legal retention periods or if the aforementioned purposes for the data storage have ceased to apply, the data will be deleted, provided that none of the conflicting legal provisions apply.<\/span><\/p>\n<p>&nbsp;<\/p>\n<h3><span lang=\"EN-US\">2.1.4 Used programs<\/span><\/h3>\n<p>The following applications will be used:<\/p>\n<ul>\n<li>Content Management System \u201ewordpress\u201c<\/li>\n<li>WPML \u2013 languages plugin<\/li>\n<li>Google Web Fonts<\/li>\n<li>Google Maps<\/li>\n<\/ul>\n<p>&nbsp;<\/p>\n<h3><span lang=\"EN-US\">2.2 Right to information-, correction and revocation, right to appeal<\/span><\/h3>\n<p>In accordance with Article 15 EU-GDPR you have the right to obtain information without giving reasons as to whether and how data about you will be processed. Of course, we are happy to comply with this request on request.<\/p>\n<p>You have also the right to block, rectify or delete data collected from us in accordance with Article 16 et seq. EU-GDPR. You can also revoke the consent given to us for data processing at any time thereafter without giving reasons.<\/p>\n<p>Please contact us at the above-mentioned address. We will be happy to answer any further questions you may have about our privacy policy and the processing of your personal data at any time.<\/p>\n<p>Should you have any complaints in this regard despite all the caution that H\u00dcTTE exercises with regard to data protection, you can file a claim with the responsible supervisory authority. You are entitled to do so in accordance with Article 77 EU-GDPR. You will find the contact details above.<\/p>\n","protected":false},"excerpt":{"rendered":"<p>Privacy policy &nbsp; 1.1 Responsible office H\u00fctte Rechtsanw\u00e4lte Partnerschaft mbB Bethmannstra\u00dfe 8 60311 Frankfurt Telefon: +49-69-246561242 email: contact@huette-legal.com &nbsp; 1.2 Responsible data protection supervisory authority Der Hessische Datenschutzbeauftragte Postfach 31 63 65021 Wiesbaden Gustav-Stresemann-Ring 1 65189 Wiesbaden Tel. 0611\/1408-0 Fax 0611\/1408-900 oder -901 https:\/\/www.datenschutz.hessen.de &nbsp; &nbsp; 2 Data protection declaration Thank you for your interest [&hellip;]<\/p>\n","protected":false},"author":2,"featured_media":0,"parent":0,"menu_order":0,"comment_status":"closed","ping_status":"closed","template":"","meta":[],"acf":[],"yoast_head":"<!-- This site is optimized with the Yoast SEO plugin v17.6 - https:\/\/yoast.com\/wordpress\/plugins\/seo\/ -->\n<title>Privacy - H\u00fctte Rechtsanw\u00e4lte<\/title>\n<meta name=\"robots\" content=\"noindex, follow\" \/>\n<meta property=\"og:locale\" content=\"en_US\" \/>\n<meta property=\"og:type\" content=\"article\" \/>\n<meta property=\"og:title\" content=\"Privacy - H\u00fctte Rechtsanw\u00e4lte\" \/>\n<meta property=\"og:description\" content=\"Privacy policy &nbsp; 1.1 Responsible office H\u00fctte Rechtsanw\u00e4lte Partnerschaft mbB Bethmannstra\u00dfe 8 60311 Frankfurt Telefon: +49-69-246561242 email: contact@huette-legal.com &nbsp; 1.2 Responsible data protection supervisory authority Der Hessische Datenschutzbeauftragte Postfach 31 63 65021 Wiesbaden Gustav-Stresemann-Ring 1 65189 Wiesbaden Tel. 0611\/1408-0 Fax 0611\/1408-900 oder -901 https:\/\/www.datenschutz.hessen.de &nbsp; &nbsp; 2 Data protection declaration Thank you for your interest [&hellip;]\" \/>\n<meta property=\"og:url\" content=\"https:\/\/huette-legal.com\/en\/privacy\/\" \/>\n<meta property=\"og:site_name\" content=\"H\u00fctte Rechtsanw\u00e4lte\" \/>\n<meta property=\"article:modified_time\" content=\"2019-10-26T09:09:16+00:00\" \/>\n<meta name=\"twitter:card\" content=\"summary\" \/>\n<meta name=\"twitter:label1\" content=\"Est. reading time\" \/>\n\t<meta name=\"twitter:data1\" content=\"2 minutes\" \/>\n<script type=\"application\/ld+json\" class=\"yoast-schema-graph\">{\"@context\":\"https:\/\/schema.org\",\"@graph\":[{\"@type\":\"WebSite\",\"@id\":\"https:\/\/huette-legal.com\/#website\",\"url\":\"https:\/\/huette-legal.com\/\",\"name\":\"H\\u00fctte Rechtsanw\\u00e4lte\",\"description\":\"Partnerschaft mbB\",\"potentialAction\":[{\"@type\":\"SearchAction\",\"target\":{\"@type\":\"EntryPoint\",\"urlTemplate\":\"https:\/\/huette-legal.com\/?s={search_term_string}\"},\"query-input\":\"required name=search_term_string\"}],\"inLanguage\":\"en-US\"},{\"@type\":\"WebPage\",\"@id\":\"https:\/\/huette-legal.com\/en\/privacy\/#webpage\",\"url\":\"https:\/\/huette-legal.com\/en\/privacy\/\",\"name\":\"Privacy - H\\u00fctte Rechtsanw\\u00e4lte\",\"isPartOf\":{\"@id\":\"https:\/\/huette-legal.com\/#website\"},\"datePublished\":\"2017-06-13T09:01:39+00:00\",\"dateModified\":\"2019-10-26T09:09:16+00:00\",\"breadcrumb\":{\"@id\":\"https:\/\/huette-legal.com\/en\/privacy\/#breadcrumb\"},\"inLanguage\":\"en-US\",\"potentialAction\":[{\"@type\":\"ReadAction\",\"target\":[\"https:\/\/huette-legal.com\/en\/privacy\/\"]}]},{\"@type\":\"BreadcrumbList\",\"@id\":\"https:\/\/huette-legal.com\/en\/privacy\/#breadcrumb\",\"itemListElement\":[{\"@type\":\"ListItem\",\"position\":1,\"name\":\"Startseite\",\"item\":\"https:\/\/huette-legal.com\/en\/\"},{\"@type\":\"ListItem\",\"position\":2,\"name\":\"Privacy\"}]}]}<\/script>\n<!-- \/ Yoast SEO plugin. -->","yoast_head_json":{"title":"Privacy - H\u00fctte Rechtsanw\u00e4lte","robots":{"index":"noindex","follow":"follow"},"og_locale":"en_US","og_type":"article","og_title":"Privacy - H\u00fctte Rechtsanw\u00e4lte","og_description":"Privacy policy &nbsp; 1.1 Responsible office H\u00fctte Rechtsanw\u00e4lte Partnerschaft mbB Bethmannstra\u00dfe 8 60311 Frankfurt Telefon: +49-69-246561242 email: contact@huette-legal.com &nbsp; 1.2 Responsible data protection supervisory authority Der Hessische Datenschutzbeauftragte Postfach 31 63 65021 Wiesbaden Gustav-Stresemann-Ring 1 65189 Wiesbaden Tel. 0611\/1408-0 Fax 0611\/1408-900 oder -901 https:\/\/www.datenschutz.hessen.de &nbsp; &nbsp; 2 Data protection declaration Thank you for your interest [&hellip;]","og_url":"https:\/\/huette-legal.com\/en\/privacy\/","og_site_name":"H\u00fctte Rechtsanw\u00e4lte","article_modified_time":"2019-10-26T09:09:16+00:00","twitter_card":"summary","twitter_misc":{"Est. reading time":"2 minutes"},"schema":{"@context":"https:\/\/schema.org","@graph":[{"@type":"WebSite","@id":"https:\/\/huette-legal.com\/#website","url":"https:\/\/huette-legal.com\/","name":"H\u00fctte Rechtsanw\u00e4lte","description":"Partnerschaft mbB","potentialAction":[{"@type":"SearchAction","target":{"@type":"EntryPoint","urlTemplate":"https:\/\/huette-legal.com\/?s={search_term_string}"},"query-input":"required name=search_term_string"}],"inLanguage":"en-US"},{"@type":"WebPage","@id":"https:\/\/huette-legal.com\/en\/privacy\/#webpage","url":"https:\/\/huette-legal.com\/en\/privacy\/","name":"Privacy - H\u00fctte Rechtsanw\u00e4lte","isPartOf":{"@id":"https:\/\/huette-legal.com\/#website"},"datePublished":"2017-06-13T09:01:39+00:00","dateModified":"2019-10-26T09:09:16+00:00","breadcrumb":{"@id":"https:\/\/huette-legal.com\/en\/privacy\/#breadcrumb"},"inLanguage":"en-US","potentialAction":[{"@type":"ReadAction","target":["https:\/\/huette-legal.com\/en\/privacy\/"]}]},{"@type":"BreadcrumbList","@id":"https:\/\/huette-legal.com\/en\/privacy\/#breadcrumb","itemListElement":[{"@type":"ListItem","position":1,"name":"Startseite","item":"https:\/\/huette-legal.com\/en\/"},{"@type":"ListItem","position":2,"name":"Privacy"}]}]}},"_links":{"self":[{"href":"https:\/\/huette-legal.com\/en\/wp-json\/wp\/v2\/pages\/211"}],"collection":[{"href":"https:\/\/huette-legal.com\/en\/wp-json\/wp\/v2\/pages"}],"about":[{"href":"https:\/\/huette-legal.com\/en\/wp-json\/wp\/v2\/types\/page"}],"author":[{"embeddable":true,"href":"https:\/\/huette-legal.com\/en\/wp-json\/wp\/v2\/users\/2"}],"replies":[{"embeddable":true,"href":"https:\/\/huette-legal.com\/en\/wp-json\/wp\/v2\/comments?post=211"}],"version-history":[{"count":7,"href":"https:\/\/huette-legal.com\/en\/wp-json\/wp\/v2\/pages\/211\/revisions"}],"predecessor-version":[{"id":672,"href":"https:\/\/huette-legal.com\/en\/wp-json\/wp\/v2\/pages\/211\/revisions\/672"}],"wp:attachment":[{"href":"https:\/\/huette-legal.com\/en\/wp-json\/wp\/v2\/media?parent=211"}],"curies":[{"name":"wp","href":"https:\/\/api.w.org\/{rel}","templated":true}]}}