{"id":208,"date":"2017-06-13T10:58:44","date_gmt":"2017-06-13T08:58:44","guid":{"rendered":"http:\/\/huette-legal.com\/?page_id=208"},"modified":"2019-09-20T13:09:14","modified_gmt":"2019-09-20T11:09:14","slug":"imprint","status":"publish","type":"page","link":"https:\/\/huette-legal.com\/en\/imprint\/","title":{"rendered":"Imprint"},"content":{"rendered":"<p><strong>Information required under \u00a7 5 TMG:<\/strong><br \/>\nH\u00fctte Rechtsanw\u00e4lte<br \/>\nPartnerschaft mbB<\/p>\n<p>Registered Office:<br \/>\nBethmannstra\u00dfe 8<br \/>\n60311 Frankfurt am Main<br \/>\nTel. <a href=\"tel: +496926916980\">+49 (0) 69 &#8211; 24 75 612 0<\/a><br \/>\nFax. +49 (0) 69 &#8211; 247 561 219<br \/>\nE-Mail.\u00a0Info(at)huette-legal.com<\/p>\n<p>USt ID: DE 216958550<br \/>\nPartnerschaftsregister Nr. 1575 beim AG Frankfurt\/Main<\/p>\n<p><strong>Represented by:<\/strong><br \/>\nHjalmar B. H\u00fctte<br \/>\nDr. Arne H\u00fctte, LL.M.<\/p>\n<p>(Registered attorneys according to German Law)<\/p>\n<p>Registration and supervisory authority:<\/p>\n<p>Rechtsanwaltskammer f\u00fcr den OLG-Bezirk<br \/>\nFrankfurt am Main<br \/>\nBockenheimer Anlage 36<br \/>\n60322 Frankfurt<\/p>\n<p>Professional regulations and fee regulations:<br \/>\nBundesrechtsanwaltsordnung, Berufsordnung f\u00fcr Rechtsanw\u00e4lte, Berufsregeln der Rechtsanw\u00e4lte der Europ\u00e4ischen Gemeinschaft (CCBE), Bundesgeb\u00fchrenordnung f\u00fcr Rechtsanw\u00e4lte, for more details please visit <a href=\"http:\/\/www.brak.de\" target=\"_blank\" rel=\"noopener noreferrer\">www.brak.de<\/a>.<\/p>\n<p><strong>Notice of dispute resolution:<br \/>\n<\/strong>At http\/\/ec.europa.eu\/consumers\/odr EU Commission has set up an online platform regarding online dispute resolution between entrepreneurs and consumers.\u00a0H\u00dcTTE Rechtsanw\u00e4lte Partnerschaft is not willing and not commited to participate in resolution proceedings at a consumer arbitration service.<\/p>\n<p><strong>Responsible for website content according to \u00a7 55 Abs. 2 RStV:<\/strong><br \/>\nHjalmar B. H\u00fctte<br \/>\nDr. Arne H\u00fctte, LL.M.<\/p>\n<p><strong>Website:<\/strong><br \/>\nAnja Maser | <a href=\"http:\/\/www.thinkingelements.de\" target=\"_blank\" rel=\"noopener noreferrer\">www.thinkingelements.de<\/a><\/p>\n<p><strong>Photography:<\/strong><br \/>\nFotolia.com @ PUNTO STUDIO FOTO AG #81788844<br \/>\nFotolia.com @ javarman #86947700<br \/>\nFotolia.com @ festfotodesign #90309742<br \/>\nFotolia.com @ BillionPhotos.com #91419030<\/p>\n<p>&nbsp;<\/p>\n<h2>Disclaimer<\/h2>\n<p><strong>Copyright<\/strong><br \/>\nAll contents of this website are subject to German copyright law. Any copying, reproduction and usage of data and information on this website without explicit and written permission is forbidden and liable to prosecution. Copying and downloading the contents of <a href=\"http:\/\/www.huette-legal.com\" target=\"_blank\" rel=\"noopener noreferrer\">www.huette-legal.com<\/a> are allowed for private and non-commercial purposes only. Insofar as the content of this website was not created by the publisher, copyrights of a third party apply.<\/p>\n<p><strong>Liability for Content<\/strong><br \/>\nThe content of this website was created with the maximum possible attention to accuracy. However, H\u00dcTTE Rechtsanw\u00e4lte cannot assume liability for the correctness, completeness and timeliness of the information provided.<\/p>\n<p><strong>Liability for Links<\/strong><br \/>\nThis website contains links to third party websites over whose content we have no influence. These contents are subject to the liability of the respective publisher. Inclusion of external links does not mean that H\u00dcTTE Rechtsanw\u00e4lte has adopted the linked content as their own. Illegal contents were not apparent at the time the external links were included. In the absence of concrete evidence of any law violations, continuous monitoring of the external links is not reasonable. All external links that are in violation of the law will be deleted immediately upon the discovery of such unlawful content.<\/p>\n<p>&nbsp;<\/p>\n","protected":false},"excerpt":{"rendered":"<p>Information required under \u00a7 5 TMG: H\u00fctte Rechtsanw\u00e4lte Partnerschaft mbB Registered Office: Bethmannstra\u00dfe 8 60311 Frankfurt am Main Tel. +49 (0) 69 &#8211; 24 75 612 0 Fax. +49 (0) 69 &#8211; 247 561 219 E-Mail.\u00a0Info(at)huette-legal.com USt ID: DE 216958550 Partnerschaftsregister Nr. 1575 beim AG Frankfurt\/Main Represented by: Hjalmar B. H\u00fctte Dr. Arne H\u00fctte, LL.M. [&hellip;]<\/p>\n","protected":false},"author":2,"featured_media":0,"parent":0,"menu_order":0,"comment_status":"closed","ping_status":"closed","template":"","meta":[],"acf":[],"yoast_head":"<!-- This site is optimized with the Yoast SEO plugin v17.6 - https:\/\/yoast.com\/wordpress\/plugins\/seo\/ -->\n<title>Imprint - H\u00fctte Rechtsanw\u00e4lte<\/title>\n<meta name=\"robots\" content=\"index, follow, max-snippet:-1, max-image-preview:large, max-video-preview:-1\" \/>\n<link rel=\"canonical\" href=\"https:\/\/huette-legal.com\/en\/imprint\/\" \/>\n<meta property=\"og:locale\" content=\"en_US\" \/>\n<meta property=\"og:type\" content=\"article\" \/>\n<meta property=\"og:title\" content=\"Imprint - H\u00fctte Rechtsanw\u00e4lte\" \/>\n<meta property=\"og:description\" content=\"Information required under \u00a7 5 TMG: H\u00fctte Rechtsanw\u00e4lte Partnerschaft mbB Registered Office: Bethmannstra\u00dfe 8 60311 Frankfurt am Main Tel. +49 (0) 69 &#8211; 24 75 612 0 Fax. +49 (0) 69 &#8211; 247 561 219 E-Mail.\u00a0Info(at)huette-legal.com USt ID: DE 216958550 Partnerschaftsregister Nr. 1575 beim AG Frankfurt\/Main Represented by: Hjalmar B. H\u00fctte Dr. Arne H\u00fctte, LL.M. [&hellip;]\" \/>\n<meta property=\"og:url\" content=\"https:\/\/huette-legal.com\/en\/imprint\/\" \/>\n<meta property=\"og:site_name\" content=\"H\u00fctte Rechtsanw\u00e4lte\" \/>\n<meta property=\"article:modified_time\" content=\"2019-09-20T11:09:14+00:00\" \/>\n<meta name=\"twitter:card\" content=\"summary\" \/>\n<meta name=\"twitter:label1\" content=\"Est. reading time\" \/>\n\t<meta name=\"twitter:data1\" content=\"2 minutes\" \/>\n<script type=\"application\/ld+json\" class=\"yoast-schema-graph\">{\"@context\":\"https:\/\/schema.org\",\"@graph\":[{\"@type\":\"WebSite\",\"@id\":\"https:\/\/huette-legal.com\/#website\",\"url\":\"https:\/\/huette-legal.com\/\",\"name\":\"H\\u00fctte Rechtsanw\\u00e4lte\",\"description\":\"Partnerschaft mbB\",\"potentialAction\":[{\"@type\":\"SearchAction\",\"target\":{\"@type\":\"EntryPoint\",\"urlTemplate\":\"https:\/\/huette-legal.com\/?s={search_term_string}\"},\"query-input\":\"required name=search_term_string\"}],\"inLanguage\":\"en-US\"},{\"@type\":\"WebPage\",\"@id\":\"https:\/\/huette-legal.com\/en\/imprint\/#webpage\",\"url\":\"https:\/\/huette-legal.com\/en\/imprint\/\",\"name\":\"Imprint - H\\u00fctte Rechtsanw\\u00e4lte\",\"isPartOf\":{\"@id\":\"https:\/\/huette-legal.com\/#website\"},\"datePublished\":\"2017-06-13T08:58:44+00:00\",\"dateModified\":\"2019-09-20T11:09:14+00:00\",\"breadcrumb\":{\"@id\":\"https:\/\/huette-legal.com\/en\/imprint\/#breadcrumb\"},\"inLanguage\":\"en-US\",\"potentialAction\":[{\"@type\":\"ReadAction\",\"target\":[\"https:\/\/huette-legal.com\/en\/imprint\/\"]}]},{\"@type\":\"BreadcrumbList\",\"@id\":\"https:\/\/huette-legal.com\/en\/imprint\/#breadcrumb\",\"itemListElement\":[{\"@type\":\"ListItem\",\"position\":1,\"name\":\"Startseite\",\"item\":\"https:\/\/huette-legal.com\/en\/\"},{\"@type\":\"ListItem\",\"position\":2,\"name\":\"Imprint\"}]}]}<\/script>\n<!-- \/ Yoast SEO plugin. -->","yoast_head_json":{"title":"Imprint - H\u00fctte Rechtsanw\u00e4lte","robots":{"index":"index","follow":"follow","max-snippet":"max-snippet:-1","max-image-preview":"max-image-preview:large","max-video-preview":"max-video-preview:-1"},"canonical":"https:\/\/huette-legal.com\/en\/imprint\/","og_locale":"en_US","og_type":"article","og_title":"Imprint - H\u00fctte Rechtsanw\u00e4lte","og_description":"Information required under \u00a7 5 TMG: H\u00fctte Rechtsanw\u00e4lte Partnerschaft mbB Registered Office: Bethmannstra\u00dfe 8 60311 Frankfurt am Main Tel. +49 (0) 69 &#8211; 24 75 612 0 Fax. +49 (0) 69 &#8211; 247 561 219 E-Mail.\u00a0Info(at)huette-legal.com USt ID: DE 216958550 Partnerschaftsregister Nr. 1575 beim AG Frankfurt\/Main Represented by: Hjalmar B. H\u00fctte Dr. Arne H\u00fctte, LL.M. [&hellip;]","og_url":"https:\/\/huette-legal.com\/en\/imprint\/","og_site_name":"H\u00fctte Rechtsanw\u00e4lte","article_modified_time":"2019-09-20T11:09:14+00:00","twitter_card":"summary","twitter_misc":{"Est. reading time":"2 minutes"},"schema":{"@context":"https:\/\/schema.org","@graph":[{"@type":"WebSite","@id":"https:\/\/huette-legal.com\/#website","url":"https:\/\/huette-legal.com\/","name":"H\u00fctte Rechtsanw\u00e4lte","description":"Partnerschaft mbB","potentialAction":[{"@type":"SearchAction","target":{"@type":"EntryPoint","urlTemplate":"https:\/\/huette-legal.com\/?s={search_term_string}"},"query-input":"required name=search_term_string"}],"inLanguage":"en-US"},{"@type":"WebPage","@id":"https:\/\/huette-legal.com\/en\/imprint\/#webpage","url":"https:\/\/huette-legal.com\/en\/imprint\/","name":"Imprint - H\u00fctte Rechtsanw\u00e4lte","isPartOf":{"@id":"https:\/\/huette-legal.com\/#website"},"datePublished":"2017-06-13T08:58:44+00:00","dateModified":"2019-09-20T11:09:14+00:00","breadcrumb":{"@id":"https:\/\/huette-legal.com\/en\/imprint\/#breadcrumb"},"inLanguage":"en-US","potentialAction":[{"@type":"ReadAction","target":["https:\/\/huette-legal.com\/en\/imprint\/"]}]},{"@type":"BreadcrumbList","@id":"https:\/\/huette-legal.com\/en\/imprint\/#breadcrumb","itemListElement":[{"@type":"ListItem","position":1,"name":"Startseite","item":"https:\/\/huette-legal.com\/en\/"},{"@type":"ListItem","position":2,"name":"Imprint"}]}]}},"_links":{"self":[{"href":"https:\/\/huette-legal.com\/en\/wp-json\/wp\/v2\/pages\/208"}],"collection":[{"href":"https:\/\/huette-legal.com\/en\/wp-json\/wp\/v2\/pages"}],"about":[{"href":"https:\/\/huette-legal.com\/en\/wp-json\/wp\/v2\/types\/page"}],"author":[{"embeddable":true,"href":"https:\/\/huette-legal.com\/en\/wp-json\/wp\/v2\/users\/2"}],"replies":[{"embeddable":true,"href":"https:\/\/huette-legal.com\/en\/wp-json\/wp\/v2\/comments?post=208"}],"version-history":[{"count":11,"href":"https:\/\/huette-legal.com\/en\/wp-json\/wp\/v2\/pages\/208\/revisions"}],"predecessor-version":[{"id":657,"href":"https:\/\/huette-legal.com\/en\/wp-json\/wp\/v2\/pages\/208\/revisions\/657"}],"wp:attachment":[{"href":"https:\/\/huette-legal.com\/en\/wp-json\/wp\/v2\/media?parent=208"}],"curies":[{"name":"wp","href":"https:\/\/api.w.org\/{rel}","templated":true}]}}