{"id":204,"date":"2017-06-13T10:53:08","date_gmt":"2017-06-13T08:53:08","guid":{"rendered":"http:\/\/huette-legal.com\/?page_id=204"},"modified":"2017-06-27T22:45:49","modified_gmt":"2017-06-27T20:45:49","slug":"home","status":"publish","type":"page","link":"https:\/\/huette-legal.com\/en\/","title":{"rendered":"Home"},"content":{"rendered":"<h1>When it comes to legal advice, we are on your side.<\/h1>\n<h2>Commercial and trade law.<\/h2>\n<h2>Labor and corporate law.<\/h2>\n<h2>International law.<\/h2>\n","protected":false},"excerpt":{"rendered":"<p>When it comes to legal advice, we are on your side. Commercial and trade law. Labor and corporate law. International law.<\/p>\n","protected":false},"author":2,"featured_media":59,"parent":0,"menu_order":0,"comment_status":"closed","ping_status":"closed","template":"front-page.php","meta":[],"acf":[],"yoast_head":"<!-- This site is optimized with the Yoast SEO plugin v17.6 - https:\/\/yoast.com\/wordpress\/plugins\/seo\/ -->\n<title>H\u00dcTTE Rechtsanw\u00e4lte, former H\u00dcTTE Bohnstedt \u2013 Lawyer and Notary<\/title>\n<meta name=\"description\" content=\"Your lawyer and notary in Frankfurt Law firm. H\u00dcTTE Rechtsanw\u00e4lte is a law firm specialized in commercial and corporate law \u2013 with offices in Frankfurt, D\u00fcsseldorf, Paris, Tokyo.\" \/>\n<meta name=\"robots\" content=\"index, follow, max-snippet:-1, max-image-preview:large, max-video-preview:-1\" \/>\n<link rel=\"canonical\" href=\"https:\/\/huette-legal.com\/en\/\" \/>\n<meta property=\"og:locale\" content=\"en_US\" \/>\n<meta property=\"og:type\" content=\"article\" \/>\n<meta property=\"og:title\" content=\"H\u00dcTTE Rechtsanw\u00e4lte, former H\u00dcTTE Bohnstedt \u2013 Lawyer and Notary\" \/>\n<meta property=\"og:description\" content=\"Your lawyer and notary in Frankfurt Law firm. H\u00dcTTE Rechtsanw\u00e4lte is a law firm specialized in commercial and corporate law \u2013 with offices in Frankfurt, D\u00fcsseldorf, Paris, Tokyo.\" \/>\n<meta property=\"og:url\" content=\"https:\/\/huette-legal.com\/en\/\" \/>\n<meta property=\"og:site_name\" content=\"H\u00fctte Rechtsanw\u00e4lte\" \/>\n<meta property=\"article:modified_time\" content=\"2017-06-27T20:45:49+00:00\" \/>\n<meta property=\"og:image\" content=\"https:\/\/huette-legal.com\/wp-content\/uploads\/2017\/05\/home.jpg\" \/>\n\t<meta property=\"og:image:width\" content=\"3600\" \/>\n\t<meta property=\"og:image:height\" content=\"2403\" \/>\n<meta name=\"twitter:card\" content=\"summary\" \/>\n<script type=\"application\/ld+json\" class=\"yoast-schema-graph\">{\"@context\":\"https:\/\/schema.org\",\"@graph\":[{\"@type\":\"WebSite\",\"@id\":\"https:\/\/huette-legal.com\/#website\",\"url\":\"https:\/\/huette-legal.com\/\",\"name\":\"H\\u00fctte Rechtsanw\\u00e4lte\",\"description\":\"Partnerschaft mbB\",\"potentialAction\":[{\"@type\":\"SearchAction\",\"target\":{\"@type\":\"EntryPoint\",\"urlTemplate\":\"https:\/\/huette-legal.com\/?s={search_term_string}\"},\"query-input\":\"required name=search_term_string\"}],\"inLanguage\":\"en-US\"},{\"@type\":\"ImageObject\",\"@id\":\"https:\/\/huette-legal.com\/en\/#primaryimage\",\"inLanguage\":\"en-US\",\"url\":\"https:\/\/huette-legal.com\/wp-content\/uploads\/2017\/05\/home.jpg\",\"contentUrl\":\"https:\/\/huette-legal.com\/wp-content\/uploads\/2017\/05\/home.jpg\",\"width\":3600,\"height\":2403,\"caption\":\"Tokio\"},{\"@type\":\"WebPage\",\"@id\":\"https:\/\/huette-legal.com\/en\/#webpage\",\"url\":\"https:\/\/huette-legal.com\/en\/\",\"name\":\"H\\u00dcTTE Rechtsanw\\u00e4lte, former H\\u00dcTTE Bohnstedt \\u2013 Lawyer and Notary\",\"isPartOf\":{\"@id\":\"https:\/\/huette-legal.com\/#website\"},\"primaryImageOfPage\":{\"@id\":\"https:\/\/huette-legal.com\/en\/#primaryimage\"},\"datePublished\":\"2017-06-13T08:53:08+00:00\",\"dateModified\":\"2017-06-27T20:45:49+00:00\",\"description\":\"Your lawyer and notary in Frankfurt Law firm. H\\u00dcTTE Rechtsanw\\u00e4lte is a law firm specialized in commercial and corporate law \\u2013 with offices in Frankfurt, D\\u00fcsseldorf, Paris, Tokyo.\",\"breadcrumb\":{\"@id\":\"https:\/\/huette-legal.com\/en\/#breadcrumb\"},\"inLanguage\":\"en-US\",\"potentialAction\":[{\"@type\":\"ReadAction\",\"target\":[\"https:\/\/huette-legal.com\/en\/\"]}]},{\"@type\":\"BreadcrumbList\",\"@id\":\"https:\/\/huette-legal.com\/en\/#breadcrumb\",\"itemListElement\":[{\"@type\":\"ListItem\",\"position\":1,\"name\":\"Startseite\",\"item\":\"https:\/\/huette-legal.com\/en\/\"},{\"@type\":\"ListItem\",\"position\":2,\"name\":\"Home\"}]}]}<\/script>\n<!-- \/ Yoast SEO plugin. -->","yoast_head_json":{"title":"H\u00dcTTE Rechtsanw\u00e4lte, former H\u00dcTTE Bohnstedt \u2013 Lawyer and Notary","description":"Your lawyer and notary in Frankfurt Law firm. H\u00dcTTE Rechtsanw\u00e4lte is a law firm specialized in commercial and corporate law \u2013 with offices in Frankfurt, D\u00fcsseldorf, Paris, Tokyo.","robots":{"index":"index","follow":"follow","max-snippet":"max-snippet:-1","max-image-preview":"max-image-preview:large","max-video-preview":"max-video-preview:-1"},"canonical":"https:\/\/huette-legal.com\/en\/","og_locale":"en_US","og_type":"article","og_title":"H\u00dcTTE Rechtsanw\u00e4lte, former H\u00dcTTE Bohnstedt \u2013 Lawyer and Notary","og_description":"Your lawyer and notary in Frankfurt Law firm. H\u00dcTTE Rechtsanw\u00e4lte is a law firm specialized in commercial and corporate law \u2013 with offices in Frankfurt, D\u00fcsseldorf, Paris, Tokyo.","og_url":"https:\/\/huette-legal.com\/en\/","og_site_name":"H\u00fctte Rechtsanw\u00e4lte","article_modified_time":"2017-06-27T20:45:49+00:00","og_image":[{"width":3600,"height":2403,"url":"https:\/\/huette-legal.com\/wp-content\/uploads\/2017\/05\/home.jpg","type":"image\/jpeg"}],"twitter_card":"summary","schema":{"@context":"https:\/\/schema.org","@graph":[{"@type":"WebSite","@id":"https:\/\/huette-legal.com\/#website","url":"https:\/\/huette-legal.com\/","name":"H\u00fctte Rechtsanw\u00e4lte","description":"Partnerschaft mbB","potentialAction":[{"@type":"SearchAction","target":{"@type":"EntryPoint","urlTemplate":"https:\/\/huette-legal.com\/?s={search_term_string}"},"query-input":"required name=search_term_string"}],"inLanguage":"en-US"},{"@type":"ImageObject","@id":"https:\/\/huette-legal.com\/en\/#primaryimage","inLanguage":"en-US","url":"https:\/\/huette-legal.com\/wp-content\/uploads\/2017\/05\/home.jpg","contentUrl":"https:\/\/huette-legal.com\/wp-content\/uploads\/2017\/05\/home.jpg","width":3600,"height":2403,"caption":"Tokio"},{"@type":"WebPage","@id":"https:\/\/huette-legal.com\/en\/#webpage","url":"https:\/\/huette-legal.com\/en\/","name":"H\u00dcTTE Rechtsanw\u00e4lte, former H\u00dcTTE Bohnstedt \u2013 Lawyer and Notary","isPartOf":{"@id":"https:\/\/huette-legal.com\/#website"},"primaryImageOfPage":{"@id":"https:\/\/huette-legal.com\/en\/#primaryimage"},"datePublished":"2017-06-13T08:53:08+00:00","dateModified":"2017-06-27T20:45:49+00:00","description":"Your lawyer and notary in Frankfurt Law firm. H\u00dcTTE Rechtsanw\u00e4lte is a law firm specialized in commercial and corporate law \u2013 with offices in Frankfurt, D\u00fcsseldorf, Paris, Tokyo.","breadcrumb":{"@id":"https:\/\/huette-legal.com\/en\/#breadcrumb"},"inLanguage":"en-US","potentialAction":[{"@type":"ReadAction","target":["https:\/\/huette-legal.com\/en\/"]}]},{"@type":"BreadcrumbList","@id":"https:\/\/huette-legal.com\/en\/#breadcrumb","itemListElement":[{"@type":"ListItem","position":1,"name":"Startseite","item":"https:\/\/huette-legal.com\/en\/"},{"@type":"ListItem","position":2,"name":"Home"}]}]}},"_links":{"self":[{"href":"https:\/\/huette-legal.com\/en\/wp-json\/wp\/v2\/pages\/204"}],"collection":[{"href":"https:\/\/huette-legal.com\/en\/wp-json\/wp\/v2\/pages"}],"about":[{"href":"https:\/\/huette-legal.com\/en\/wp-json\/wp\/v2\/types\/page"}],"author":[{"embeddable":true,"href":"https:\/\/huette-legal.com\/en\/wp-json\/wp\/v2\/users\/2"}],"replies":[{"embeddable":true,"href":"https:\/\/huette-legal.com\/en\/wp-json\/wp\/v2\/comments?post=204"}],"version-history":[{"count":3,"href":"https:\/\/huette-legal.com\/en\/wp-json\/wp\/v2\/pages\/204\/revisions"}],"predecessor-version":[{"id":207,"href":"https:\/\/huette-legal.com\/en\/wp-json\/wp\/v2\/pages\/204\/revisions\/207"}],"wp:featuredmedia":[{"embeddable":true,"href":"https:\/\/huette-legal.com\/en\/wp-json\/wp\/v2\/media\/59"}],"wp:attachment":[{"href":"https:\/\/huette-legal.com\/en\/wp-json\/wp\/v2\/media?parent=204"}],"curies":[{"name":"wp","href":"https:\/\/api.w.org\/{rel}","templated":true}]}}